{"id":1145,"date":"2022-02-04T06:28:28","date_gmt":"2022-02-04T06:28:28","guid":{"rendered":"http:\/\/probodysystems.com\/?page_id=1145"},"modified":"2023-11-04T09:52:10","modified_gmt":"2023-11-04T09:52:10","slug":"hakkimizda","status":"publish","type":"page","link":"https:\/\/probodysystems.com\/en\/about-us\/","title":{"rendered":"About Us"},"content":{"rendered":"<div data-elementor-type=\"wp-page\" data-elementor-id=\"1145\" class=\"elementor elementor-1145\">\n\t\t\t\t\t\t<section class=\"elementor-section elementor-top-section elementor-element elementor-element-23ac193 elementor-section-stretched elementor-section-boxed elementor-section-height-default elementor-section-height-default\" data-id=\"23ac193\" data-element_type=\"section\" data-e-type=\"section\" data-settings=\"{&quot;stretch_section&quot;:&quot;section-stretched&quot;,&quot;background_background&quot;:&quot;classic&quot;}\">\n\t\t\t\t\t\t\t<div class=\"elementor-background-overlay\"><\/div>\n\t\t\t\t\t\t\t<div class=\"elementor-container elementor-column-gap-default\">\n\t\t\t\t\t<div class=\"elementor-column elementor-col-100 elementor-top-column elementor-element elementor-element-8083002\" data-id=\"8083002\" data-element_type=\"column\" data-e-type=\"column\">\n\t\t\t<div class=\"elementor-widget-wrap elementor-element-populated\">\n\t\t\t\t\t\t<div class=\"elementor-element elementor-element-0f5b4d5 elementor-widget elementor-widget-eael-fancy-text\" data-id=\"0f5b4d5\" data-element_type=\"widget\" data-e-type=\"widget\" data-widget_type=\"eael-fancy-text.default\">\n\t\t\t\t<div class=\"elementor-widget-container\">\n\t\t\t\t\t\n\t<div  class=\"eael-fancy-text-container style-1\" data-fancy-text-id=\"0f5b4d5\" data-fancy-text=\"|YEN\u0130 |YERL\u0130\" data-fancy-text-transition-type=\"zoomIn\" data-fancy-text-speed=\"\" data-fancy-text-delay=\"2000\" data-fancy-text-cursor=\"\" data-fancy-text-loop=\"\" data-fancy-text-action=\"page_load\" >\n\t\t\t\t\t<span class=\"eael-fancy-text-prefix\">Let's unleash old school technology.<br \/>  <\/span>\n\t\t\n\t\t\n\t\t\t\t\t<span id=\"eael-fancy-text-0f5b4d5\" class=\"eael-fancy-text-strings solid-color\">\n\t\t\t\t<noscript>\n\t\t\t\t\tJoin\t\t\t\t<\/noscript>\n\t\t\t<\/span>\n\t\t\n\t\t\t\t\t<span class=\"eael-fancy-text-suffix\">  PBS!<\/span>\n\t\t\t<\/div><!-- close .eael-fancy-text-container -->\n\n\t<div class=\"clearfix\"><\/div>\n\n\t\t\t\t\t<\/div>\n\t\t\t\t<\/div>\n\t\t\t\t\t<\/div>\n\t\t<\/div>\n\t\t\t\t\t<\/div>\n\t\t<\/section>\n\t\t\t\t<section class=\"elementor-section elementor-top-section elementor-element elementor-element-6092ac7d envato-kit-141-top-0 elementor-section-stretched elementor-section-boxed elementor-section-height-default elementor-section-height-default\" data-id=\"6092ac7d\" data-element_type=\"section\" data-e-type=\"section\" data-settings=\"{&quot;background_background&quot;:&quot;classic&quot;,&quot;stretch_section&quot;:&quot;section-stretched&quot;}\">\n\t\t\t\t\t\t\t<div class=\"elementor-background-overlay\"><\/div>\n\t\t\t\t\t\t\t<div class=\"elementor-container elementor-column-gap-wider\">\n\t\t\t\t\t<div class=\"elementor-column elementor-col-50 elementor-top-column elementor-element elementor-element-7ec488b6\" data-id=\"7ec488b6\" data-element_type=\"column\" data-e-type=\"column\">\n\t\t\t<div class=\"elementor-widget-wrap elementor-element-populated\">\n\t\t\t\t\t\t<div class=\"elementor-element elementor-element-7fa1bdde elementor-invisible elementor-widget elementor-widget-heading\" data-id=\"7fa1bdde\" data-element_type=\"widget\" data-e-type=\"widget\" data-settings=\"{&quot;_animation&quot;:&quot;fadeIn&quot;,&quot;_animation_delay&quot;:100}\" data-widget_type=\"heading.default\">\n\t\t\t\t<div class=\"elementor-widget-container\">\n\t\t\t\t\t<h2 class=\"elementor-heading-title elementor-size-default\">Who We Are?<\/h2>\t\t\t\t<\/div>\n\t\t\t\t<\/div>\n\t\t\t\t<div class=\"elementor-element elementor-element-32745499 elementor-widget-divider--view-line elementor-invisible elementor-widget elementor-widget-divider\" data-id=\"32745499\" data-element_type=\"widget\" data-e-type=\"widget\" data-settings=\"{&quot;_animation&quot;:&quot;fadeIn&quot;,&quot;_animation_delay&quot;:150}\" data-widget_type=\"divider.default\">\n\t\t\t\t<div class=\"elementor-widget-container\">\n\t\t\t\t\t\t\t<div class=\"elementor-divider\">\n\t\t\t<span class=\"elementor-divider-separator\">\n\t\t\t\t\t\t<\/span>\n\t\t<\/div>\n\t\t\t\t\t\t<\/div>\n\t\t\t\t<\/div>\n\t\t\t\t<div class=\"elementor-element elementor-element-b47f8f6 elementor-widget elementor-widget-heading\" data-id=\"b47f8f6\" data-element_type=\"widget\" data-e-type=\"widget\" data-widget_type=\"heading.default\">\n\t\t\t\t<div class=\"elementor-widget-container\">\n\t\t\t\t\t<h2 class=\"elementor-heading-title elementor-size-default\">ProBody Systems was founded in 2019 and began its research activities in the field of EMS devices. As a result of this research, the ProBody Systems EMS device was developed by Turkish engineers with the support of Istanbul Technopolis University, in collaboration with physiotherapists and fitness instructors, and powered by our own engineers with local software. As a result of the increasing mobility, fast and agile lifestyle in today's world, the ProBody Systems EMS device is designed to be as small, portable and wireless as possible. Thus, it offers unsurpassed comfort for both fitness instructors and training participants.<\/h2>\t\t\t\t<\/div>\n\t\t\t\t<\/div>\n\t\t\t\t\t<\/div>\n\t\t<\/div>\n\t\t\t\t<div class=\"elementor-column elementor-col-50 elementor-top-column elementor-element elementor-element-27bcaa83\" data-id=\"27bcaa83\" data-element_type=\"column\" data-e-type=\"column\">\n\t\t\t<div class=\"elementor-widget-wrap elementor-element-populated\">\n\t\t\t\t\t\t<div class=\"elementor-element elementor-element-23535ed3 elementor-invisible elementor-widget elementor-widget-image\" data-id=\"23535ed3\" data-element_type=\"widget\" data-e-type=\"widget\" data-settings=\"{&quot;_animation&quot;:&quot;fadeIn&quot;,&quot;_animation_delay&quot;:350}\" data-widget_type=\"image.default\">\n\t\t\t\t<div class=\"elementor-widget-container\">\n\t\t\t\t\t\t\t\t\t\t\t\t\t\t\t<img decoding=\"async\" src=\"https:\/\/probodysystems.com\/wp-content\/uploads\/elementor\/thumbs\/pro-biz-kimiz-pkzkw65e2nbz2wbafo4olnnwkhez311wnwjn71umz6.png\" title=\"pro-biz-kimiz\" alt=\"pro-biz-kimiz\" loading=\"lazy\" \/>\t\t\t\t\t\t\t\t\t\t\t\t\t\t\t<\/div>\n\t\t\t\t<\/div>\n\t\t\t\t<div class=\"elementor-element elementor-element-5f2d03db elementor-widget elementor-widget-heading\" data-id=\"5f2d03db\" data-element_type=\"widget\" data-e-type=\"widget\" data-widget_type=\"heading.default\">\n\t\t\t\t<div class=\"elementor-widget-container\">\n\t\t\t\t\t<h2 class=\"elementor-heading-title elementor-size-default\">ProBody Systems EMS is Made in Turkey, by Turkish engineers &amp; teams.<\/h2>\t\t\t\t<\/div>\n\t\t\t\t<\/div>\n\t\t\t\t\t<\/div>\n\t\t<\/div>\n\t\t\t\t\t<\/div>\n\t\t<\/section>\n\t\t\t\t<section class=\"elementor-section elementor-top-section elementor-element elementor-element-68b08d1 envato-kit-141-top-0 elementor-section-stretched elementor-section-boxed elementor-section-height-default elementor-section-height-default\" data-id=\"68b08d1\" data-element_type=\"section\" data-e-type=\"section\" data-settings=\"{&quot;background_background&quot;:&quot;classic&quot;,&quot;stretch_section&quot;:&quot;section-stretched&quot;}\">\n\t\t\t\t\t\t\t<div class=\"elementor-background-overlay\"><\/div>\n\t\t\t\t\t\t\t<div class=\"elementor-container elementor-column-gap-wider\">\n\t\t\t\t\t<div class=\"elementor-column elementor-col-50 elementor-top-column elementor-element elementor-element-2876bc6\" data-id=\"2876bc6\" data-element_type=\"column\" data-e-type=\"column\">\n\t\t\t<div class=\"elementor-widget-wrap elementor-element-populated\">\n\t\t\t\t\t\t<div class=\"elementor-element elementor-element-1606659 elementor-widget elementor-widget-image\" data-id=\"1606659\" data-element_type=\"widget\" data-e-type=\"widget\" data-widget_type=\"image.default\">\n\t\t\t\t<div class=\"elementor-widget-container\">\n\t\t\t\t\t\t\t\t\t\t\t\t\t\t\t<img fetchpriority=\"high\" decoding=\"async\" width=\"1024\" height=\"1024\" src=\"https:\/\/probodysystems.com\/wp-content\/uploads\/2022\/03\/neden-ProBody-Systems-1024x1024.jpg\" class=\"attachment-large size-large wp-image-2205\" alt=\"\" srcset=\"https:\/\/probodysystems.com\/wp-content\/uploads\/2022\/03\/neden-ProBody-Systems-1024x1024.jpg 1024w, https:\/\/probodysystems.com\/wp-content\/uploads\/2022\/03\/neden-ProBody-Systems-300x300.jpg 300w, https:\/\/probodysystems.com\/wp-content\/uploads\/2022\/03\/neden-ProBody-Systems-150x150.jpg 150w, https:\/\/probodysystems.com\/wp-content\/uploads\/2022\/03\/neden-ProBody-Systems-768x768.jpg 768w, https:\/\/probodysystems.com\/wp-content\/uploads\/2022\/03\/neden-ProBody-Systems-920x920.jpg 920w, https:\/\/probodysystems.com\/wp-content\/uploads\/2022\/03\/neden-ProBody-Systems-230x230.jpg 230w, https:\/\/probodysystems.com\/wp-content\/uploads\/2022\/03\/neden-ProBody-Systems-350x350.jpg 350w, https:\/\/probodysystems.com\/wp-content\/uploads\/2022\/03\/neden-ProBody-Systems-480x480.jpg 480w, https:\/\/probodysystems.com\/wp-content\/uploads\/2022\/03\/neden-ProBody-Systems.jpg 1300w\" sizes=\"(max-width: 1024px) 100vw, 1024px\" \/>\t\t\t\t\t\t\t\t\t\t\t\t\t\t\t<\/div>\n\t\t\t\t<\/div>\n\t\t\t\t\t<\/div>\n\t\t<\/div>\n\t\t\t\t<div class=\"elementor-column elementor-col-50 elementor-top-column elementor-element elementor-element-a7b1680\" data-id=\"a7b1680\" data-element_type=\"column\" data-e-type=\"column\">\n\t\t\t<div class=\"elementor-widget-wrap elementor-element-populated\">\n\t\t\t\t\t\t<div class=\"elementor-element elementor-element-5838df2 elementor-invisible elementor-widget elementor-widget-heading\" data-id=\"5838df2\" data-element_type=\"widget\" data-e-type=\"widget\" data-settings=\"{&quot;_animation&quot;:&quot;fadeIn&quot;,&quot;_animation_delay&quot;:100}\" data-widget_type=\"heading.default\">\n\t\t\t\t<div class=\"elementor-widget-container\">\n\t\t\t\t\t<h2 class=\"elementor-heading-title elementor-size-default\">Why Choose ProBody Systems? <\/h2>\t\t\t\t<\/div>\n\t\t\t\t<\/div>\n\t\t\t\t<div class=\"elementor-element elementor-element-ccf52e6 elementor-widget-divider--view-line elementor-invisible elementor-widget elementor-widget-divider\" data-id=\"ccf52e6\" data-element_type=\"widget\" data-e-type=\"widget\" data-settings=\"{&quot;_animation&quot;:&quot;fadeIn&quot;,&quot;_animation_delay&quot;:150}\" data-widget_type=\"divider.default\">\n\t\t\t\t<div class=\"elementor-widget-container\">\n\t\t\t\t\t\t\t<div class=\"elementor-divider\">\n\t\t\t<span class=\"elementor-divider-separator\">\n\t\t\t\t\t\t<\/span>\n\t\t<\/div>\n\t\t\t\t\t\t<\/div>\n\t\t\t\t<\/div>\n\t\t\t\t<div class=\"elementor-element elementor-element-d7eca28 elementor-widget elementor-widget-heading\" data-id=\"d7eca28\" data-element_type=\"widget\" data-e-type=\"widget\" data-widget_type=\"heading.default\">\n\t\t\t\t<div class=\"elementor-widget-container\">\n\t\t\t\t\t<h2 class=\"elementor-heading-title elementor-size-default\">Yeni\u00e7a\u011f\u0131n yerli teknolojisi olarak, Istanbul \u00dcniversitesi Entertech Teknokent deste\u011fi ile teknolojide sporun yerli ve milli tek ad\u0131y\u0131z. Sizlerden s\u0131k\u00e7a duydu\u011fumuz sat\u0131\u015f sonras\u0131nda ya\u015fad\u0131\u011f\u0131n\u0131z sorunlara, ProBody Systems olarak kal\u0131c\u0131 ve s\u00fcrd\u00fcr\u00fclebilir \u00e7\u00f6z\u00fcmler \u00fcreterek teknik destek standartlar\u0131n\u0131 yeniden belirliyoruz. \n\nT\u00fcrkiye'nin ilk ve tek EMS markas\u0131 olarak, tamam\u0131 T\u00fcrk m\u00fchendislerden olu\u015fan Ar&amp;Ge kadromuzla %100'\u00fc T\u00fcrkiye'de \u00fcretilen EMS cihazlar\u0131m\u0131z\u0131n ad\u0131n\u0131 d\u00fcnyada \u00fcst s\u0131ralara yazd\u0131rmak \u00f6ncelikli hedefimiz. \u0130\u015f orta\u011f\u0131m\u0131z olan t\u00fcm partnerlerimizi yukar\u0131 ta\u015f\u0131may\u0131 ama\u00e7 edinen, yeni\u00e7a\u011f\u0131n yerli teknolojisiyiz. <\/h2>\t\t\t\t<\/div>\n\t\t\t\t<\/div>\n\t\t\t\t\t<\/div>\n\t\t<\/div>\n\t\t\t\t\t<\/div>\n\t\t<\/section>\n\t\t\t\t<section class=\"elementor-section elementor-top-section elementor-element elementor-element-288a96f2 elementor-section-height-min-height elementor-section-stretched elementor-section-boxed elementor-section-height-default elementor-section-items-middle\" data-id=\"288a96f2\" data-element_type=\"section\" data-e-type=\"section\" data-settings=\"{&quot;stretch_section&quot;:&quot;section-stretched&quot;,&quot;background_background&quot;:&quot;classic&quot;}\">\n\t\t\t\t\t\t\t<div class=\"elementor-background-overlay\"><\/div>\n\t\t\t\t\t\t\t<div class=\"elementor-container elementor-column-gap-default\">\n\t\t\t\t\t<div class=\"elementor-column elementor-col-100 elementor-top-column elementor-element elementor-element-612ce62\" data-id=\"612ce62\" data-element_type=\"column\" data-e-type=\"column\">\n\t\t\t<div class=\"elementor-widget-wrap elementor-element-populated\">\n\t\t\t\t\t\t<section class=\"elementor-section elementor-inner-section elementor-element elementor-element-7c80200b elementor-section-boxed elementor-section-height-default elementor-section-height-default\" data-id=\"7c80200b\" data-element_type=\"section\" data-e-type=\"section\">\n\t\t\t\t\t\t<div class=\"elementor-container elementor-column-gap-default\">\n\t\t\t\t\t<div class=\"elementor-column elementor-col-50 elementor-inner-column elementor-element elementor-element-700c10c9\" data-id=\"700c10c9\" data-element_type=\"column\" data-e-type=\"column\">\n\t\t\t<div class=\"elementor-widget-wrap elementor-element-populated\">\n\t\t\t\t\t\t<div class=\"elementor-element elementor-element-7a5139d8 elementor-widget elementor-widget-image\" data-id=\"7a5139d8\" data-element_type=\"widget\" data-e-type=\"widget\" data-widget_type=\"image.default\">\n\t\t\t\t<div class=\"elementor-widget-container\">\n\t\t\t\t\t\t\t\t\t\t\t\t\t\t\t<img decoding=\"async\" width=\"1024\" height=\"768\" src=\"https:\/\/probodysystems.com\/wp-content\/uploads\/2022\/01\/misyonumuz-1024x768.png\" class=\"elementor-animation-hang attachment-large size-large wp-image-1179\" alt=\"\" srcset=\"https:\/\/probodysystems.com\/wp-content\/uploads\/2022\/01\/misyonumuz-1024x768.png 1024w, https:\/\/probodysystems.com\/wp-content\/uploads\/2022\/01\/misyonumuz-300x225.png 300w, https:\/\/probodysystems.com\/wp-content\/uploads\/2022\/01\/misyonumuz-768x576.png 768w, https:\/\/probodysystems.com\/wp-content\/uploads\/2022\/01\/misyonumuz-1536x1152.png 1536w, https:\/\/probodysystems.com\/wp-content\/uploads\/2022\/01\/misyonumuz-195x146.png 195w, https:\/\/probodysystems.com\/wp-content\/uploads\/2022\/01\/misyonumuz-50x38.png 50w, https:\/\/probodysystems.com\/wp-content\/uploads\/2022\/01\/misyonumuz-100x75.png 100w, https:\/\/probodysystems.com\/wp-content\/uploads\/2022\/01\/misyonumuz-480x360.png 480w, https:\/\/probodysystems.com\/wp-content\/uploads\/2022\/01\/misyonumuz.png 2000w\" sizes=\"(max-width: 1024px) 100vw, 1024px\" \/>\t\t\t\t\t\t\t\t\t\t\t\t\t\t\t<\/div>\n\t\t\t\t<\/div>\n\t\t\t\t\t<\/div>\n\t\t<\/div>\n\t\t\t\t<div class=\"elementor-column elementor-col-50 elementor-inner-column elementor-element elementor-element-6d4fdddb\" data-id=\"6d4fdddb\" data-element_type=\"column\" data-e-type=\"column\" data-settings=\"{&quot;background_background&quot;:&quot;classic&quot;}\">\n\t\t\t<div class=\"elementor-widget-wrap elementor-element-populated\">\n\t\t\t\t\t\t<div class=\"elementor-element elementor-element-883e0fd elementor-invisible elementor-widget elementor-widget-heading\" data-id=\"883e0fd\" data-element_type=\"widget\" data-e-type=\"widget\" data-settings=\"{&quot;_animation&quot;:&quot;fadeIn&quot;,&quot;_animation_delay&quot;:100}\" data-widget_type=\"heading.default\">\n\t\t\t\t<div class=\"elementor-widget-container\">\n\t\t\t\t\t<h2 class=\"elementor-heading-title elementor-size-default\">Our Mission<\/h2>\t\t\t\t<\/div>\n\t\t\t\t<\/div>\n\t\t\t\t<div class=\"elementor-element elementor-element-da20802 elementor-widget elementor-widget-heading\" data-id=\"da20802\" data-element_type=\"widget\" data-e-type=\"widget\" data-widget_type=\"heading.default\">\n\t\t\t\t<div class=\"elementor-widget-container\">\n\t\t\t\t\t<h2 class=\"elementor-heading-title elementor-size-default\">We aim to set new standards to the industry with the models of accessibility, technical support and service. As Turkey's first EMS brand, we focus on the economic success of all our partners with sustainable new business models. That's why we're focusing on keeping the investment costs of these devices at achievable levels by designing wireless EMS devices with the most modern technology.<\/h2>\t\t\t\t<\/div>\n\t\t\t\t<\/div>\n\t\t\t\t\t<\/div>\n\t\t<\/div>\n\t\t\t\t\t<\/div>\n\t\t<\/section>\n\t\t\t\t<section class=\"elementor-section elementor-inner-section elementor-element elementor-element-736bed85 elementor-reverse-mobile elementor-section-boxed elementor-section-height-default elementor-section-height-default\" data-id=\"736bed85\" data-element_type=\"section\" data-e-type=\"section\">\n\t\t\t\t\t\t<div class=\"elementor-container elementor-column-gap-default\">\n\t\t\t\t\t<div class=\"elementor-column elementor-col-50 elementor-inner-column elementor-element elementor-element-70a75c12\" data-id=\"70a75c12\" data-element_type=\"column\" data-e-type=\"column\" data-settings=\"{&quot;background_background&quot;:&quot;classic&quot;}\">\n\t\t\t<div class=\"elementor-widget-wrap elementor-element-populated\">\n\t\t\t\t\t\t<div class=\"elementor-element elementor-element-4bd6517 elementor-invisible elementor-widget elementor-widget-heading\" data-id=\"4bd6517\" data-element_type=\"widget\" data-e-type=\"widget\" data-settings=\"{&quot;_animation&quot;:&quot;fadeIn&quot;,&quot;_animation_delay&quot;:100}\" data-widget_type=\"heading.default\">\n\t\t\t\t<div class=\"elementor-widget-container\">\n\t\t\t\t\t<h2 class=\"elementor-heading-title elementor-size-default\">Our Vision<\/h2>\t\t\t\t<\/div>\n\t\t\t\t<\/div>\n\t\t\t\t<div class=\"elementor-element elementor-element-9e26cf4 elementor-widget elementor-widget-heading\" data-id=\"9e26cf4\" data-element_type=\"widget\" data-e-type=\"widget\" data-widget_type=\"heading.default\">\n\t\t\t\t<div class=\"elementor-widget-container\">\n\t\t\t\t\t<h2 class=\"elementor-heading-title elementor-size-default\">Our primary goal is to introduce the EMS training system and increase its awareness in today's ever-changing world. Most importantly, ProBody Systems aims to make EMS systems available properly and reliably, with the aim of serving a healthier lifestyle to people. Within the scope of that, we focus on creating sustainable business models and create a new segment in the global fitness and health services industry as Turkey's first EMS brand.<\/h2>\t\t\t\t<\/div>\n\t\t\t\t<\/div>\n\t\t\t\t\t<\/div>\n\t\t<\/div>\n\t\t\t\t<div class=\"elementor-column elementor-col-50 elementor-inner-column elementor-element elementor-element-74a8d27\" data-id=\"74a8d27\" data-element_type=\"column\" data-e-type=\"column\">\n\t\t\t<div class=\"elementor-widget-wrap elementor-element-populated\">\n\t\t\t\t\t\t<div class=\"elementor-element elementor-element-214846d elementor-widget elementor-widget-image\" data-id=\"214846d\" data-element_type=\"widget\" data-e-type=\"widget\" data-widget_type=\"image.default\">\n\t\t\t\t<div class=\"elementor-widget-container\">\n\t\t\t\t\t\t\t\t\t\t\t\t\t\t\t<img decoding=\"async\" width=\"1024\" height=\"768\" src=\"https:\/\/probodysystems.com\/wp-content\/uploads\/2022\/01\/vizyonumuz-1024x768.png\" class=\"elementor-animation-hang attachment-large size-large wp-image-1181\" alt=\"\" srcset=\"https:\/\/probodysystems.com\/wp-content\/uploads\/2022\/01\/vizyonumuz-1024x768.png 1024w, https:\/\/probodysystems.com\/wp-content\/uploads\/2022\/01\/vizyonumuz-300x225.png 300w, https:\/\/probodysystems.com\/wp-content\/uploads\/2022\/01\/vizyonumuz-768x576.png 768w, https:\/\/probodysystems.com\/wp-content\/uploads\/2022\/01\/vizyonumuz-1536x1152.png 1536w, https:\/\/probodysystems.com\/wp-content\/uploads\/2022\/01\/vizyonumuz-195x146.png 195w, https:\/\/probodysystems.com\/wp-content\/uploads\/2022\/01\/vizyonumuz-50x38.png 50w, https:\/\/probodysystems.com\/wp-content\/uploads\/2022\/01\/vizyonumuz-100x75.png 100w, https:\/\/probodysystems.com\/wp-content\/uploads\/2022\/01\/vizyonumuz-480x360.png 480w, https:\/\/probodysystems.com\/wp-content\/uploads\/2022\/01\/vizyonumuz.png 2000w\" sizes=\"(max-width: 1024px) 100vw, 1024px\" \/>\t\t\t\t\t\t\t\t\t\t\t\t\t\t\t<\/div>\n\t\t\t\t<\/div>\n\t\t\t\t\t<\/div>\n\t\t<\/div>\n\t\t\t\t\t<\/div>\n\t\t<\/section>\n\t\t\t\t\t<\/div>\n\t\t<\/div>\n\t\t\t\t\t<\/div>\n\t\t<\/section>\n\t\t\t\t<\/div>","protected":false},"excerpt":{"rendered":"<p>Teknolojide Sporun YEN\u0130 , YERL\u0130 Ad\u0131 Biz Kimiz? ProBody Systems, 2019 y\u0131l\u0131nda temeli at\u0131larak EMS cihazlar\u0131 alan\u0131nda ara\u015ft\u0131rma faaliyetlerine ba\u015flam\u0131\u015ft\u0131r. Bu \u00e7al\u0131\u015fmalar [&hellip;]<\/p>","protected":false},"author":4,"featured_media":0,"parent":0,"menu_order":0,"comment_status":"closed","ping_status":"closed","template":"elementor_header_footer","meta":{"footnotes":""},"class_list":["post-1145","page","type-page","status-publish","hentry"],"yoast_head":"<!-- This site is optimized with the Yoast SEO plugin v27.2 - https:\/\/yoast.com\/product\/yoast-seo-wordpress\/ -->\n<title>Probody Systems EMS | Biz Kimiz? | Neden EMS?<\/title>\n<meta name=\"description\" content=\"\u0130lk yerli ve milli EMS cihaz\u0131 olan Probody Systems EMS, \u0130stanbul \u00dcniversitesi Teknokent deste\u011fi ile T\u00fcrk m\u00fchendisler taraf\u0131ndan, fizyoterapistler ve fitness e\u011fitmenleri ile i\u015f birli\u011fi sonucunda geli\u015ftirilmi\u015ftir.\" \/>\n<meta name=\"robots\" content=\"index, follow, max-snippet:-1, max-image-preview:large, max-video-preview:-1\" \/>\n<link rel=\"canonical\" href=\"https:\/\/probodysystems.com\/en\/about-us\/\" \/>\n<meta property=\"og:locale\" content=\"en_US\" \/>\n<meta property=\"og:type\" content=\"article\" \/>\n<meta property=\"og:title\" content=\"Probody Systems EMS | Biz Kimiz? | Neden EMS?\" \/>\n<meta property=\"og:description\" content=\"\u0130lk yerli ve milli EMS cihaz\u0131 olan Probody Systems EMS, \u0130stanbul \u00dcniversitesi Teknokent deste\u011fi ile T\u00fcrk m\u00fchendisler taraf\u0131ndan, fizyoterapistler ve fitness e\u011fitmenleri ile i\u015f birli\u011fi sonucunda geli\u015ftirilmi\u015ftir.\" \/>\n<meta property=\"og:url\" content=\"https:\/\/probodysystems.com\/en\/about-us\/\" \/>\n<meta property=\"og:site_name\" content=\"Probody Systems\" \/>\n<meta property=\"article:modified_time\" content=\"2023-11-04T09:52:10+00:00\" \/>\n<meta property=\"og:image\" content=\"http:\/\/probodysystems.com\/wp-content\/uploads\/elementor\/thumbs\/pro-biz-kimiz-pkzkw65e2nbz2wbafo4olnnwkhez311wnwjn71umz6.png\" \/>\n<meta name=\"twitter:card\" content=\"summary_large_image\" \/>\n<meta name=\"twitter:label1\" content=\"Est. reading time\" \/>\n\t<meta name=\"twitter:data1\" content=\"3 minutes\" \/>\n<!-- \/ Yoast SEO plugin. -->","yoast_head_json":{"title":"Probody Systems EMS | Who We Are? | Why ProBody? |","description":"ProBody Systems EMS devices have been developed by Turkish engineers in line with the support of University of Istanbul Technocity","robots":{"index":"index","follow":"follow","max-snippet":"max-snippet:-1","max-image-preview":"max-image-preview:large","max-video-preview":"max-video-preview:-1"},"canonical":"https:\/\/probodysystems.com\/en\/about-us\/","og_locale":"en_US","og_type":"article","og_title":"Probody Systems EMS | Biz Kimiz? | Neden EMS?","og_description":"\u0130lk yerli ve milli EMS cihaz\u0131 olan Probody Systems EMS, \u0130stanbul \u00dcniversitesi Teknokent deste\u011fi ile T\u00fcrk m\u00fchendisler taraf\u0131ndan, fizyoterapistler ve fitness e\u011fitmenleri ile i\u015f birli\u011fi sonucunda geli\u015ftirilmi\u015ftir.","og_url":"https:\/\/probodysystems.com\/en\/about-us\/","og_site_name":"Probody Systems","article_modified_time":"2023-11-04T09:52:10+00:00","og_image":[{"url":"http:\/\/probodysystems.com\/wp-content\/uploads\/elementor\/thumbs\/pro-biz-kimiz-pkzkw65e2nbz2wbafo4olnnwkhez311wnwjn71umz6.png","type":"","width":"","height":""}],"twitter_card":"summary_large_image","twitter_misc":{"Est. reading time":"3 minutes"},"schema":{"@context":"https:\/\/schema.org","@graph":[{"@type":"WebPage","@id":"https:\/\/probodysystems.com\/hakkimizda\/","url":"https:\/\/probodysystems.com\/hakkimizda\/","name":"Probody Systems EMS | Who We Are? | Why ProBody? |","isPartOf":{"@id":"https:\/\/probodysystems.com\/#website"},"primaryImageOfPage":{"@id":"https:\/\/probodysystems.com\/hakkimizda\/#primaryimage"},"image":{"@id":"https:\/\/probodysystems.com\/hakkimizda\/#primaryimage"},"thumbnailUrl":"http:\/\/probodysystems.com\/wp-content\/uploads\/elementor\/thumbs\/pro-biz-kimiz-pkzkw65e2nbz2wbafo4olnnwkhez311wnwjn71umz6.png","datePublished":"2022-02-04T06:28:28+00:00","dateModified":"2023-11-04T09:52:10+00:00","description":"ProBody Systems EMS devices have been developed by Turkish engineers in line with the support of University of Istanbul Technocity","breadcrumb":{"@id":"https:\/\/probodysystems.com\/hakkimizda\/#breadcrumb"},"inLanguage":"en-US","potentialAction":[{"@type":"ReadAction","target":["https:\/\/probodysystems.com\/hakkimizda\/"]}]},{"@type":"ImageObject","inLanguage":"en-US","@id":"https:\/\/probodysystems.com\/hakkimizda\/#primaryimage","url":"http:\/\/probodysystems.com\/wp-content\/uploads\/elementor\/thumbs\/pro-biz-kimiz-pkzkw65e2nbz2wbafo4olnnwkhez311wnwjn71umz6.png","contentUrl":"http:\/\/probodysystems.com\/wp-content\/uploads\/elementor\/thumbs\/pro-biz-kimiz-pkzkw65e2nbz2wbafo4olnnwkhez311wnwjn71umz6.png"},{"@type":"BreadcrumbList","@id":"https:\/\/probodysystems.com\/hakkimizda\/#breadcrumb","itemListElement":[{"@type":"ListItem","position":1,"name":"Home","item":"https:\/\/probodysystems.com\/"},{"@type":"ListItem","position":2,"name":"Hakk\u0131m\u0131zda"}]},{"@type":"WebSite","@id":"https:\/\/probodysystems.com\/#website","url":"https:\/\/probodysystems.com\/","name":"Probody Systems","description":"Az zamanda \u00e7ok fitness","potentialAction":[{"@type":"SearchAction","target":{"@type":"EntryPoint","urlTemplate":"https:\/\/probodysystems.com\/?s={search_term_string}"},"query-input":{"@type":"PropertyValueSpecification","valueRequired":true,"valueName":"search_term_string"}}],"inLanguage":"en-US"}]}},"_links":{"self":[{"href":"https:\/\/probodysystems.com\/en\/wp-json\/wp\/v2\/pages\/1145","targetHints":{"allow":["GET"]}}],"collection":[{"href":"https:\/\/probodysystems.com\/en\/wp-json\/wp\/v2\/pages"}],"about":[{"href":"https:\/\/probodysystems.com\/en\/wp-json\/wp\/v2\/types\/page"}],"author":[{"embeddable":true,"href":"https:\/\/probodysystems.com\/en\/wp-json\/wp\/v2\/users\/4"}],"replies":[{"embeddable":true,"href":"https:\/\/probodysystems.com\/en\/wp-json\/wp\/v2\/comments?post=1145"}],"version-history":[{"count":64,"href":"https:\/\/probodysystems.com\/en\/wp-json\/wp\/v2\/pages\/1145\/revisions"}],"predecessor-version":[{"id":3651,"href":"https:\/\/probodysystems.com\/en\/wp-json\/wp\/v2\/pages\/1145\/revisions\/3651"}],"wp:attachment":[{"href":"https:\/\/probodysystems.com\/en\/wp-json\/wp\/v2\/media?parent=1145"}],"curies":[{"name":"wp","href":"https:\/\/api.w.org\/{rel}","templated":true}]}}