{"id":2938,"date":"2022-10-18T11:34:51","date_gmt":"2022-10-18T11:34:51","guid":{"rendered":"http:\/\/probodysystems.com\/?page_id=2938"},"modified":"2025-04-28T14:27:23","modified_gmt":"2025-04-28T14:27:23","slug":"referanslar","status":"publish","type":"page","link":"https:\/\/probodysystems.com\/bg\/referanslar\/","title":{"rendered":"\u0420\u0435\u0444\u0435\u0440\u0435\u043d\u0446\u0438\u0438"},"content":{"rendered":"<div data-elementor-type=\"wp-page\" data-elementor-id=\"2938\" class=\"elementor elementor-2938\">\n\t\t\t\t\t\t<section class=\"elementor-section elementor-top-section elementor-element elementor-element-f76cc70 elementor-section-full_width elementor-section-stretched elementor-section-height-default elementor-section-height-default\" data-id=\"f76cc70\" data-element_type=\"section\" data-e-type=\"section\" data-settings=\"{&quot;stretch_section&quot;:&quot;section-stretched&quot;}\">\n\t\t\t\t\t\t<div class=\"elementor-container elementor-column-gap-no\">\n\t\t\t\t\t<div class=\"elementor-column elementor-col-100 elementor-top-column elementor-element elementor-element-4bd612e\" data-id=\"4bd612e\" data-element_type=\"column\" data-e-type=\"column\">\n\t\t\t<div class=\"elementor-widget-wrap elementor-element-populated\">\n\t\t\t\t\t\t<div class=\"elementor-element elementor-element-5b0eb9c elementor-widget elementor-widget-prime-slider-general\" data-id=\"5b0eb9c\" data-element_type=\"widget\" data-e-type=\"widget\" data-widget_type=\"prime-slider-general.default\">\n\t\t\t\t<div class=\"elementor-widget-container\">\n\t\t\t\t\t\t\t<div class=\"bdt-prime-slider\">\n\t\t\t<div class=\"bdt-prime-slider-skin-general\">\n\t\t\t\t<div class=\"bdt-position-relative bdt-visible-toggle\" bdt-slideshow=\"{&quot;animation&quot;:&quot;fade&quot;,&quot;ratio&quot;:&quot;1000:400&quot;,&quot;min-height&quot;:575,&quot;autoplay&quot;:true,&quot;autoplay-interval&quot;:8000,&quot;pause-on-hover&quot;:false,&quot;draggable&quot;:true,&quot;velocity&quot;:1,&quot;finite&quot;:true}\" data-settings=\"{&quot;id&quot;:&quot;#bdt-5b0eb9c&quot;,&quot;animation_status&quot;:&quot;no&quot;}\" id=\"bdt-5b0eb9c\">\n\t\t\t\t\t<ul class=\"bdt-slideshow-items\">\n\t\t\t\t\t\t\n\t\t\t<li\n\t\t\t\tclass=\"bdt-slideshow-item bdt-flex bdt-flex-middle bdt-flex-center elementor-repeater-item-59a23a0\">\n\t\t\t\t\n\t\t\t\t\t\t\t\t\t\t\t\n\t\t<div class=\"bdt-ps-slide-img\" style=\"background-image: url('https:\/\/probodysystems.com\/wp-content\/uploads\/2022\/01\/Webp.net-compress-image-10.jpg')\"><\/div>\n\n\t\t\t\t\t\t\t\n\t\t\t\t\t\n\t\t\t\t\n\t\t\t\t\t\t<div class=\"bdt-prime-slider-wrapper\">\n\t\t\t<div class=\"bdt-prime-slider-content\">\n\t\t\t\t<div class=\"bdt-prime-slider-desc\">\n\n\t\t\t\t\t\n\t\t\t\t\t\t\t\t\t\t\t<div data-reveal=\"reveal-active\" class=\"bdt-main-title\" data-bdt-slideshow-parallax=\"x: 100,0,-20; opacity: 1,1,0\">\n\t\t\t\t\t\t\t<h1\t\t\t\t\t\t\t\tclass=\"bdt-title-tag\">\n\t\t\t\t\t\t\t\t\t\t\t\t\t\t\t\t\t\u0420\u0435\u0444\u0435\u0440\u0435\u043d\u0446\u0438\u0438\t\t\t\t\t\t\t\t\t\t\t\t\t\t\t\t<\/h1>\n\t\t\t\t\t\t<\/div>\n\t\t\t\t\t\n\t\t\t\t\t\t\t\t\t\t\t<div data-reveal=\"reveal-active\" class=\"bdt-slider-excerpt\" data-bdt-slideshow-parallax=\"x: 120,0,-30; opacity: 1,1,0\">\n\t\t\t\t\t\t\t<p>Ulusal ve uluslararas\u0131 alanda hizmet veren st\u00fcdyolarda \u00fcr\u00fcnlerimiz kullan\u0131lmaktad\u0131r.\u00a0<\/p>\t\t\t\t\t\t<\/div>\n\t\t\t\t\t\n\t\t\t\t\t<div data-bdt-slideshow-parallax=\"x: 150,0,-30; opacity: 1,1,0\">\n\t\t\t\t\t\t<div class=\"bdt-btn-wrapper\">\n\t\t\t\t\t\t\t\n\t\t\n\t\t\t<a class=\"bdt-slide-btn\" data-reveal=\"reveal-active\" href=\"https:\/\/probodysystems.com\/bg\/\u043a\u043e\u043c\u0443\u043d\u0438\u043a\u0430\u0446\u0438\u044f\/\">\n\n\t\t\t\t\t\t\t\t<span class=\"bdt-prime-slider-button-wrapper\">\n\n\t\t\t\t\t<span class=\"bdt-prime-slider-button-text bdt-flex bdt-flex-middle bdt-flex-inline\">\u0421\u0432\u044a\u0440\u0436\u0435\u0442\u0435 \u0441\u0435 \u0441 \u043d\u0430\u0441\t\t\t\t\t\t\t\t\t\t\t\t\t<span class=\"bdt-slide-btn-icon\"><svg width=\"20\" height=\"20\" viewbox=\"0 0 20 20\"\n\t\t\t\t\t\t\t\t\txmlns=\"http:\/\/www.w3.org\/2000\/svg\" data-svg=\"arrow-right\">\n\t\t\t\t\t\t\t\t\t<polyline fill=\"none\" stroke=\"#000\" points=\"10 5 15 9.5 10 14\"><\/polyline>\n\t\t\t\t\t\t\t\t\t<line fill=\"none\" stroke=\"#000\" x1=\"4\" y1=\"9.5\" x2=\"15\" y2=\"9.5\"><\/line>\n\t\t\t\t\t\t\t\t<\/svg><\/span>\n\t\t\t\t\t\t\t\t\t\t\t<\/span>\n\n\t\t\t\t<\/span>\n\n\t\t\t<\/a>\n\t\t\t\t\t\t\t\t<\/div>\n\t\t\t\t\t<\/div>\n\t\t\t\t<\/div>\n\n\t\t\t\t\n\t\t\t<\/div>\n\t\t<\/div>\n\t\t\t\t\t<\/li>\n\n\t\t\n\t\t\t\t\t<\/ul>\n\t\t\t\t\t\n\t\t\t\t\t\t\t\t<div class=\"reveal-muted\">\n\t\t\t\t<a class=\"bdt-position-bottom-right bdt-prime-slider-previous\" href=\"#\" bdt-slidenav-previous\n\t\t\t\t\tbdt-slideshow-item=\"previous\"><\/a>\n\t\t\t\t<a class=\"bdt-position-bottom-right bdt-prime-slider-next\" href=\"#\" bdt-slidenav-next bdt-slideshow-item=\"next\"><\/a>\n\t\t\t<\/div>\n\n\t\t\n\t\t\t\t\t\t\t\n\t\t\t\t\t<div >\n\t\t\t\t<ul class=\"bdt-slideshow-nav bdt-dotnav bdt-margin-large bdt-position-bottom-left bdt-text-center reveal-muted\">\n\t\t\t\t<\/ul>\n\t\t\t<\/div>\n\t\t\n\t\t\t\t\t\t<\/div>\n\t\t\t\t\t\t\t\t\t\t\t<\/div>\n\t\t<\/div>\n\t\t\t\t\t\t<\/div>\n\t\t\t\t<\/div>\n\t\t\t\t\t<\/div>\n\t\t<\/div>\n\t\t\t\t\t<\/div>\n\t\t<\/section>\n\t\t\t\t<section class=\"elementor-section elementor-top-section elementor-element elementor-element-961dfb6 elementor-section-full_width elementor-section-height-default elementor-section-height-default\" data-id=\"961dfb6\" data-element_type=\"section\" data-e-type=\"section\">\n\t\t\t\t\t\t<div class=\"elementor-container elementor-column-gap-default\">\n\t\t\t\t\t<div class=\"elementor-column elementor-col-100 elementor-top-column elementor-element elementor-element-43aac51\" data-id=\"43aac51\" data-element_type=\"column\" data-e-type=\"column\">\n\t\t\t<div class=\"elementor-widget-wrap elementor-element-populated\">\n\t\t\t\t\t\t<div class=\"elementor-element elementor-element-13d7126 elementor-widget__width-initial elementor-widget elementor-widget-shortcode\" data-id=\"13d7126\" data-element_type=\"widget\" data-e-type=\"widget\" data-widget_type=\"shortcode.default\">\n\t\t\t\t<div class=\"elementor-widget-container\">\n\t\t\t\t\t\t\t<div class=\"elementor-shortcode\"><iframe src=\"https:\/\/www.google.com\/maps\/d\/u\/1\/embed?mid=1SZRtHx90zYPeK5JN3hiNIsDP4ka3Kfs&ehbc=2E312F\" width=\"640\" height=\"1300\" align=\"top\"><\/iframe><\/div>\n\t\t\t\t\t\t<\/div>\n\t\t\t\t<\/div>\n\t\t\t\t\t<\/div>\n\t\t<\/div>\n\t\t\t\t\t<\/div>\n\t\t<\/section>\n\t\t\t\t<\/div>","protected":false},"excerpt":{"rendered":"<p>Referanslar Ulusal ve uluslararas\u0131 alanda hizmet veren st\u00fcdyolarda \u00fcr\u00fcnlerimiz kullan\u0131lmaktad\u0131r.\u00a0 \u0130leti\u015fime Ge\u00e7<\/p>","protected":false},"author":4,"featured_media":0,"parent":0,"menu_order":0,"comment_status":"closed","ping_status":"closed","template":"page-templates\/page_fullwidth.php","meta":{"footnotes":""},"class_list":["post-2938","page","type-page","status-publish","hentry"],"yoast_head":"<!-- This site is optimized with the Yoast SEO plugin v27.2 - https:\/\/yoast.com\/product\/yoast-seo-wordpress\/ -->\n<title>Referanslar - Probody Systems<\/title>\n<meta name=\"robots\" content=\"index, follow, max-snippet:-1, max-image-preview:large, max-video-preview:-1\" \/>\n<link rel=\"canonical\" href=\"https:\/\/probodysystems.com\/bg\/referanslar\/\" \/>\n<meta property=\"og:locale\" content=\"bg_BG\" \/>\n<meta property=\"og:type\" content=\"article\" \/>\n<meta property=\"og:title\" content=\"Referanslar - Probody Systems\" \/>\n<meta property=\"og:description\" content=\"Referanslar Ulusal ve uluslararas\u0131 alanda hizmet veren st\u00fcdyolarda \u00fcr\u00fcnlerimiz kullan\u0131lmaktad\u0131r.\u00a0 \u0130leti\u015fime Ge\u00e7\" \/>\n<meta property=\"og:url\" content=\"https:\/\/probodysystems.com\/bg\/referanslar\/\" \/>\n<meta property=\"og:site_name\" content=\"Probody Systems\" \/>\n<meta property=\"article:modified_time\" content=\"2025-04-28T14:27:23+00:00\" \/>\n<meta name=\"twitter:card\" content=\"summary_large_image\" \/>\n<meta name=\"twitter:label1\" content=\"Est. reading time\" \/>\n\t<meta name=\"twitter:data1\" content=\"1 \u043c\u0438\u043d\u0443\u0442\u0430\" \/>\n<!-- \/ Yoast SEO plugin. -->","yoast_head_json":{"title":"Referanslar - Probody Systems","robots":{"index":"index","follow":"follow","max-snippet":"max-snippet:-1","max-image-preview":"max-image-preview:large","max-video-preview":"max-video-preview:-1"},"canonical":"https:\/\/probodysystems.com\/bg\/referanslar\/","og_locale":"bg_BG","og_type":"article","og_title":"Referanslar - Probody Systems","og_description":"Referanslar Ulusal ve uluslararas\u0131 alanda hizmet veren st\u00fcdyolarda \u00fcr\u00fcnlerimiz kullan\u0131lmaktad\u0131r.\u00a0 \u0130leti\u015fime Ge\u00e7","og_url":"https:\/\/probodysystems.com\/bg\/referanslar\/","og_site_name":"Probody Systems","article_modified_time":"2025-04-28T14:27:23+00:00","twitter_card":"summary_large_image","twitter_misc":{"Est. reading time":"1 \u043c\u0438\u043d\u0443\u0442\u0430"},"schema":{"@context":"https:\/\/schema.org","@graph":[{"@type":"WebPage","@id":"https:\/\/probodysystems.com\/referanslar\/","url":"https:\/\/probodysystems.com\/referanslar\/","name":"Referanslar - Probody Systems","isPartOf":{"@id":"https:\/\/probodysystems.com\/#website"},"datePublished":"2022-10-18T11:34:51+00:00","dateModified":"2025-04-28T14:27:23+00:00","breadcrumb":{"@id":"https:\/\/probodysystems.com\/referanslar\/#breadcrumb"},"inLanguage":"bg-BG","potentialAction":[{"@type":"ReadAction","target":["https:\/\/probodysystems.com\/referanslar\/"]}]},{"@type":"BreadcrumbList","@id":"https:\/\/probodysystems.com\/referanslar\/#breadcrumb","itemListElement":[{"@type":"ListItem","position":1,"name":"Home","item":"https:\/\/probodysystems.com\/"},{"@type":"ListItem","position":2,"name":"Referanslar"}]},{"@type":"WebSite","@id":"https:\/\/probodysystems.com\/#website","url":"https:\/\/probodysystems.com\/","name":"Probody Systems","description":"Az zamanda \u00e7ok fitness","potentialAction":[{"@type":"SearchAction","target":{"@type":"EntryPoint","urlTemplate":"https:\/\/probodysystems.com\/?s={search_term_string}"},"query-input":{"@type":"PropertyValueSpecification","valueRequired":true,"valueName":"search_term_string"}}],"inLanguage":"bg-BG"}]}},"_links":{"self":[{"href":"https:\/\/probodysystems.com\/bg\/wp-json\/wp\/v2\/pages\/2938","targetHints":{"allow":["GET"]}}],"collection":[{"href":"https:\/\/probodysystems.com\/bg\/wp-json\/wp\/v2\/pages"}],"about":[{"href":"https:\/\/probodysystems.com\/bg\/wp-json\/wp\/v2\/types\/page"}],"author":[{"embeddable":true,"href":"https:\/\/probodysystems.com\/bg\/wp-json\/wp\/v2\/users\/4"}],"replies":[{"embeddable":true,"href":"https:\/\/probodysystems.com\/bg\/wp-json\/wp\/v2\/comments?post=2938"}],"version-history":[{"count":402,"href":"https:\/\/probodysystems.com\/bg\/wp-json\/wp\/v2\/pages\/2938\/revisions"}],"predecessor-version":[{"id":4208,"href":"https:\/\/probodysystems.com\/bg\/wp-json\/wp\/v2\/pages\/2938\/revisions\/4208"}],"wp:attachment":[{"href":"https:\/\/probodysystems.com\/bg\/wp-json\/wp\/v2\/media?parent=2938"}],"curies":[{"name":"wp","href":"https:\/\/api.w.org\/{rel}","templated":true}]}}