{"id":2178,"date":"2022-03-16T11:38:26","date_gmt":"2022-03-16T11:38:26","guid":{"rendered":"http:\/\/probodysystems.com\/?page_id=2178"},"modified":"2024-04-08T08:09:23","modified_gmt":"2024-04-08T08:09:23","slug":"catalog","status":"publish","type":"page","link":"https:\/\/probodysystems.com\/bg\/catalog\/","title":{"rendered":"Katalog"},"content":{"rendered":"<div data-elementor-type=\"wp-page\" data-elementor-id=\"2178\" class=\"elementor elementor-2178\">\n\t\t\t\t\t\t<section class=\"elementor-section elementor-top-section elementor-element elementor-element-b214279 elementor-section-stretched elementor-section-boxed elementor-section-height-default elementor-section-height-default\" data-id=\"b214279\" data-element_type=\"section\" data-e-type=\"section\" data-settings=\"{&quot;stretch_section&quot;:&quot;section-stretched&quot;}\">\n\t\t\t\t\t\t<div class=\"elementor-container elementor-column-gap-default\">\n\t\t\t\t\t<div class=\"elementor-column elementor-col-33 elementor-top-column elementor-element elementor-element-7096074\" data-id=\"7096074\" data-element_type=\"column\" data-e-type=\"column\">\n\t\t\t<div class=\"elementor-widget-wrap elementor-element-populated\">\n\t\t\t\t\t\t<div class=\"elementor-element elementor-element-d8d56b1 elementor-widget elementor-widget-image\" data-id=\"d8d56b1\" data-element_type=\"widget\" data-e-type=\"widget\" data-widget_type=\"image.default\">\n\t\t\t\t<div class=\"elementor-widget-container\">\n\t\t\t\t\t\t\t\t\t\t\t\t\t\t\t<img fetchpriority=\"high\" decoding=\"async\" width=\"1024\" height=\"633\" src=\"https:\/\/probodysystems.com\/wp-content\/uploads\/2022\/04\/2-1024x633.png\" class=\"attachment-large size-large wp-image-2528\" alt=\"\" srcset=\"https:\/\/probodysystems.com\/wp-content\/uploads\/2022\/04\/2-1024x633.png 1024w, https:\/\/probodysystems.com\/wp-content\/uploads\/2022\/04\/2-300x185.png 300w, https:\/\/probodysystems.com\/wp-content\/uploads\/2022\/04\/2-768x475.png 768w, https:\/\/probodysystems.com\/wp-content\/uploads\/2022\/04\/2-18x12.png 18w, https:\/\/probodysystems.com\/wp-content\/uploads\/2022\/04\/2-920x569.png 920w, https:\/\/probodysystems.com\/wp-content\/uploads\/2022\/04\/2-230x142.png 230w, https:\/\/probodysystems.com\/wp-content\/uploads\/2022\/04\/2-350x216.png 350w, https:\/\/probodysystems.com\/wp-content\/uploads\/2022\/04\/2-480x297.png 480w, https:\/\/probodysystems.com\/wp-content\/uploads\/2022\/04\/2.png 1115w\" sizes=\"(max-width: 1024px) 100vw, 1024px\" \/>\t\t\t\t\t\t\t\t\t\t\t\t\t\t\t<\/div>\n\t\t\t\t<\/div>\n\t\t\t\t<div class=\"elementor-element elementor-element-32acf96 elementor-align-center elementor-widget elementor-widget-button\" data-id=\"32acf96\" data-element_type=\"widget\" data-e-type=\"widget\" data-widget_type=\"button.default\">\n\t\t\t\t<div class=\"elementor-widget-container\">\n\t\t\t\t\t\t\t\t\t<div class=\"elementor-button-wrapper\">\n\t\t\t\t\t<a class=\"elementor-button elementor-button-link elementor-size-sm\" href=\"http:\/\/probodysystems.com\/wp-content\/uploads\/2024\/04\/Probody-Katalog_2024.pdf\">\n\t\t\t\t\t\t<span class=\"elementor-button-content-wrapper\">\n\t\t\t\t\t\t<span class=\"elementor-button-icon\">\n\t\t\t\t<svg aria-hidden=\"true\" class=\"e-font-icon-svg e-far-arrow-alt-circle-down\" viewbox=\"0 0 512 512\" xmlns=\"http:\/\/www.w3.org\/2000\/svg\"><path d=\"M256 8C119 8 8 119 8 256s111 248 248 248 248-111 248-248S393 8 256 8zm0 448c-110.5 0-200-89.5-200-200S145.5 56 256 56s200 89.5 200 200-89.5 200-200 200zm-32-316v116h-67c-10.7 0-16 12.9-8.5 20.5l99 99c4.7 4.7 12.3 4.7 17 0l99-99c7.6-7.6 2.2-20.5-8.5-20.5h-67V140c0-6.6-5.4-12-12-12h-40c-6.6 0-12 5.4-12 12z\"><\/path><\/svg>\t\t\t<\/span>\n\t\t\t\t\t\t\t\t\t<span class=\"elementor-button-text\">T\u00fcrk\u00e7e Katalog<\/span>\n\t\t\t\t\t<\/span>\n\t\t\t\t\t<\/a>\n\t\t\t\t<\/div>\n\t\t\t\t\t\t\t\t<\/div>\n\t\t\t\t<\/div>\n\t\t\t\t\t<\/div>\n\t\t<\/div>\n\t\t\t\t<div class=\"elementor-column elementor-col-33 elementor-top-column elementor-element elementor-element-160307a\" data-id=\"160307a\" data-element_type=\"column\" data-e-type=\"column\">\n\t\t\t<div class=\"elementor-widget-wrap elementor-element-populated\">\n\t\t\t\t\t\t<div class=\"elementor-element elementor-element-f0a8df3 elementor-widget elementor-widget-image\" data-id=\"f0a8df3\" data-element_type=\"widget\" data-e-type=\"widget\" data-widget_type=\"image.default\">\n\t\t\t\t<div class=\"elementor-widget-container\">\n\t\t\t\t\t\t\t\t\t\t\t\t\t\t\t<img decoding=\"async\" width=\"1147\" height=\"716\" src=\"https:\/\/probodysystems.com\/wp-content\/uploads\/2022\/04\/3.png\" class=\"attachment-2048x2048 size-2048x2048 wp-image-2531\" alt=\"\" srcset=\"https:\/\/probodysystems.com\/wp-content\/uploads\/2022\/04\/3.png 1147w, https:\/\/probodysystems.com\/wp-content\/uploads\/2022\/04\/3-300x187.png 300w, https:\/\/probodysystems.com\/wp-content\/uploads\/2022\/04\/3-1024x639.png 1024w, https:\/\/probodysystems.com\/wp-content\/uploads\/2022\/04\/3-768x479.png 768w, https:\/\/probodysystems.com\/wp-content\/uploads\/2022\/04\/3-18x12.png 18w, https:\/\/probodysystems.com\/wp-content\/uploads\/2022\/04\/3-920x574.png 920w, https:\/\/probodysystems.com\/wp-content\/uploads\/2022\/04\/3-230x144.png 230w, https:\/\/probodysystems.com\/wp-content\/uploads\/2022\/04\/3-350x218.png 350w, https:\/\/probodysystems.com\/wp-content\/uploads\/2022\/04\/3-480x300.png 480w\" sizes=\"(max-width: 1147px) 100vw, 1147px\" \/>\t\t\t\t\t\t\t\t\t\t\t\t\t\t\t<\/div>\n\t\t\t\t<\/div>\n\t\t\t\t<div class=\"elementor-element elementor-element-11b3dd8 elementor-align-center elementor-widget elementor-widget-button\" data-id=\"11b3dd8\" data-element_type=\"widget\" data-e-type=\"widget\" data-widget_type=\"button.default\">\n\t\t\t\t<div class=\"elementor-widget-container\">\n\t\t\t\t\t\t\t\t\t<div class=\"elementor-button-wrapper\">\n\t\t\t\t\t<a class=\"elementor-button elementor-button-link elementor-size-sm\" href=\"http:\/\/probodysystems.com\/wp-content\/uploads\/2024\/04\/Probody-Katalog_2024_eng.pdf\">\n\t\t\t\t\t\t<span class=\"elementor-button-content-wrapper\">\n\t\t\t\t\t\t<span class=\"elementor-button-icon\">\n\t\t\t\t<svg aria-hidden=\"true\" class=\"e-font-icon-svg e-far-arrow-alt-circle-down\" viewbox=\"0 0 512 512\" xmlns=\"http:\/\/www.w3.org\/2000\/svg\"><path d=\"M256 8C119 8 8 119 8 256s111 248 248 248 248-111 248-248S393 8 256 8zm0 448c-110.5 0-200-89.5-200-200S145.5 56 256 56s200 89.5 200 200-89.5 200-200 200zm-32-316v116h-67c-10.7 0-16 12.9-8.5 20.5l99 99c4.7 4.7 12.3 4.7 17 0l99-99c7.6-7.6 2.2-20.5-8.5-20.5h-67V140c0-6.6-5.4-12-12-12h-40c-6.6 0-12 5.4-12 12z\"><\/path><\/svg>\t\t\t<\/span>\n\t\t\t\t\t\t\t\t\t<span class=\"elementor-button-text\">\u0130ngilizce Katalog<\/span>\n\t\t\t\t\t<\/span>\n\t\t\t\t\t<\/a>\n\t\t\t\t<\/div>\n\t\t\t\t\t\t\t\t<\/div>\n\t\t\t\t<\/div>\n\t\t\t\t\t<\/div>\n\t\t<\/div>\n\t\t\t\t<div class=\"elementor-column elementor-col-33 elementor-top-column elementor-element elementor-element-e2c3a50\" data-id=\"e2c3a50\" data-element_type=\"column\" data-e-type=\"column\">\n\t\t\t<div class=\"elementor-widget-wrap elementor-element-populated\">\n\t\t\t\t\t\t<div class=\"elementor-element elementor-element-98cb6a7 elementor-widget elementor-widget-image\" data-id=\"98cb6a7\" data-element_type=\"widget\" data-e-type=\"widget\" data-widget_type=\"image.default\">\n\t\t\t\t<div class=\"elementor-widget-container\">\n\t\t\t\t\t\t\t\t\t\t\t\t\t\t\t<img decoding=\"async\" width=\"1024\" height=\"631\" src=\"https:\/\/probodysystems.com\/wp-content\/uploads\/2022\/04\/4-1024x631.png\" class=\"attachment-large size-large wp-image-2543\" alt=\"\" srcset=\"https:\/\/probodysystems.com\/wp-content\/uploads\/2022\/04\/4-1024x631.png 1024w, https:\/\/probodysystems.com\/wp-content\/uploads\/2022\/04\/4-300x185.png 300w, https:\/\/probodysystems.com\/wp-content\/uploads\/2022\/04\/4-768x473.png 768w, https:\/\/probodysystems.com\/wp-content\/uploads\/2022\/04\/4-18x12.png 18w, https:\/\/probodysystems.com\/wp-content\/uploads\/2022\/04\/4-920x567.png 920w, https:\/\/probodysystems.com\/wp-content\/uploads\/2022\/04\/4-230x142.png 230w, https:\/\/probodysystems.com\/wp-content\/uploads\/2022\/04\/4-350x216.png 350w, https:\/\/probodysystems.com\/wp-content\/uploads\/2022\/04\/4-480x296.png 480w, https:\/\/probodysystems.com\/wp-content\/uploads\/2022\/04\/4.png 1213w\" sizes=\"(max-width: 1024px) 100vw, 1024px\" \/>\t\t\t\t\t\t\t\t\t\t\t\t\t\t\t<\/div>\n\t\t\t\t<\/div>\n\t\t\t\t<div class=\"elementor-element elementor-element-d2b7fef elementor-align-center elementor-widget elementor-widget-button\" data-id=\"d2b7fef\" data-element_type=\"widget\" data-e-type=\"widget\" data-widget_type=\"button.default\">\n\t\t\t\t<div class=\"elementor-widget-container\">\n\t\t\t\t\t\t\t\t\t<div class=\"elementor-button-wrapper\">\n\t\t\t\t\t<a class=\"elementor-button elementor-button-link elementor-size-sm\" href=\"http:\/\/probodysystems.com\/wp-content\/uploads\/2024\/02\/Probody-Katalog-almanca.pdf\">\n\t\t\t\t\t\t<span class=\"elementor-button-content-wrapper\">\n\t\t\t\t\t\t<span class=\"elementor-button-icon\">\n\t\t\t\t<svg aria-hidden=\"true\" class=\"e-font-icon-svg e-far-arrow-alt-circle-down\" viewbox=\"0 0 512 512\" xmlns=\"http:\/\/www.w3.org\/2000\/svg\"><path d=\"M256 8C119 8 8 119 8 256s111 248 248 248 248-111 248-248S393 8 256 8zm0 448c-110.5 0-200-89.5-200-200S145.5 56 256 56s200 89.5 200 200-89.5 200-200 200zm-32-316v116h-67c-10.7 0-16 12.9-8.5 20.5l99 99c4.7 4.7 12.3 4.7 17 0l99-99c7.6-7.6 2.2-20.5-8.5-20.5h-67V140c0-6.6-5.4-12-12-12h-40c-6.6 0-12 5.4-12 12z\"><\/path><\/svg>\t\t\t<\/span>\n\t\t\t\t\t\t\t\t\t<span class=\"elementor-button-text\">Almanca Katalog<\/span>\n\t\t\t\t\t<\/span>\n\t\t\t\t\t<\/a>\n\t\t\t\t<\/div>\n\t\t\t\t\t\t\t\t<\/div>\n\t\t\t\t<\/div>\n\t\t\t\t\t<\/div>\n\t\t<\/div>\n\t\t\t\t\t<\/div>\n\t\t<\/section>\n\t\t\t\t<\/div>","protected":false},"excerpt":{"rendered":"<p>T\u00fcrk\u00e7e Katalog \u0130ngilizce Katalog Almanca Katalog<\/p>","protected":false},"author":4,"featured_media":0,"parent":0,"menu_order":0,"comment_status":"closed","ping_status":"closed","template":"","meta":{"footnotes":""},"class_list":["post-2178","page","type-page","status-publish","hentry"],"yoast_head":"<!-- This site is optimized with the Yoast SEO plugin v27.2 - https:\/\/yoast.com\/product\/yoast-seo-wordpress\/ -->\n<title>Katalog - Probody Systems<\/title>\n<meta name=\"robots\" content=\"index, follow, max-snippet:-1, max-image-preview:large, max-video-preview:-1\" \/>\n<link rel=\"canonical\" href=\"https:\/\/probodysystems.com\/bg\/catalog\/\" \/>\n<meta property=\"og:locale\" content=\"bg_BG\" \/>\n<meta property=\"og:type\" content=\"article\" \/>\n<meta property=\"og:title\" content=\"Katalog - Probody Systems\" \/>\n<meta property=\"og:description\" content=\"T\u00fcrk\u00e7e Katalog \u0130ngilizce Katalog Almanca Katalog\" \/>\n<meta property=\"og:url\" content=\"https:\/\/probodysystems.com\/bg\/catalog\/\" \/>\n<meta property=\"og:site_name\" content=\"Probody Systems\" \/>\n<meta property=\"article:modified_time\" content=\"2024-04-08T08:09:23+00:00\" \/>\n<meta property=\"og:image\" content=\"http:\/\/probodysystems.com\/wp-content\/uploads\/2022\/04\/2-1024x633.png\" \/>\n<meta name=\"twitter:card\" content=\"summary_large_image\" \/>\n<meta name=\"twitter:label1\" content=\"Est. reading time\" \/>\n\t<meta name=\"twitter:data1\" content=\"1 \u043c\u0438\u043d\u0443\u0442\u0430\" \/>\n<!-- \/ Yoast SEO plugin. -->","yoast_head_json":{"title":"Katalog - Probody Systems","robots":{"index":"index","follow":"follow","max-snippet":"max-snippet:-1","max-image-preview":"max-image-preview:large","max-video-preview":"max-video-preview:-1"},"canonical":"https:\/\/probodysystems.com\/bg\/catalog\/","og_locale":"bg_BG","og_type":"article","og_title":"Katalog - Probody Systems","og_description":"T\u00fcrk\u00e7e Katalog \u0130ngilizce Katalog Almanca Katalog","og_url":"https:\/\/probodysystems.com\/bg\/catalog\/","og_site_name":"Probody Systems","article_modified_time":"2024-04-08T08:09:23+00:00","og_image":[{"url":"http:\/\/probodysystems.com\/wp-content\/uploads\/2022\/04\/2-1024x633.png","type":"","width":"","height":""}],"twitter_card":"summary_large_image","twitter_misc":{"Est. reading time":"1 \u043c\u0438\u043d\u0443\u0442\u0430"},"schema":{"@context":"https:\/\/schema.org","@graph":[{"@type":"WebPage","@id":"https:\/\/probodysystems.com\/catalog\/","url":"https:\/\/probodysystems.com\/catalog\/","name":"Katalog - Probody Systems","isPartOf":{"@id":"https:\/\/probodysystems.com\/#website"},"primaryImageOfPage":{"@id":"https:\/\/probodysystems.com\/catalog\/#primaryimage"},"image":{"@id":"https:\/\/probodysystems.com\/catalog\/#primaryimage"},"thumbnailUrl":"http:\/\/probodysystems.com\/wp-content\/uploads\/2022\/04\/2-1024x633.png","datePublished":"2022-03-16T11:38:26+00:00","dateModified":"2024-04-08T08:09:23+00:00","breadcrumb":{"@id":"https:\/\/probodysystems.com\/catalog\/#breadcrumb"},"inLanguage":"bg-BG","potentialAction":[{"@type":"ReadAction","target":["https:\/\/probodysystems.com\/catalog\/"]}]},{"@type":"ImageObject","inLanguage":"bg-BG","@id":"https:\/\/probodysystems.com\/catalog\/#primaryimage","url":"http:\/\/probodysystems.com\/wp-content\/uploads\/2022\/04\/2-1024x633.png","contentUrl":"http:\/\/probodysystems.com\/wp-content\/uploads\/2022\/04\/2-1024x633.png"},{"@type":"BreadcrumbList","@id":"https:\/\/probodysystems.com\/catalog\/#breadcrumb","itemListElement":[{"@type":"ListItem","position":1,"name":"Home","item":"https:\/\/probodysystems.com\/"},{"@type":"ListItem","position":2,"name":"Katalog"}]},{"@type":"WebSite","@id":"https:\/\/probodysystems.com\/#website","url":"https:\/\/probodysystems.com\/","name":"Probody Systems","description":"Az zamanda \u00e7ok fitness","potentialAction":[{"@type":"SearchAction","target":{"@type":"EntryPoint","urlTemplate":"https:\/\/probodysystems.com\/?s={search_term_string}"},"query-input":{"@type":"PropertyValueSpecification","valueRequired":true,"valueName":"search_term_string"}}],"inLanguage":"bg-BG"}]}},"_links":{"self":[{"href":"https:\/\/probodysystems.com\/bg\/wp-json\/wp\/v2\/pages\/2178","targetHints":{"allow":["GET"]}}],"collection":[{"href":"https:\/\/probodysystems.com\/bg\/wp-json\/wp\/v2\/pages"}],"about":[{"href":"https:\/\/probodysystems.com\/bg\/wp-json\/wp\/v2\/types\/page"}],"author":[{"embeddable":true,"href":"https:\/\/probodysystems.com\/bg\/wp-json\/wp\/v2\/users\/4"}],"replies":[{"embeddable":true,"href":"https:\/\/probodysystems.com\/bg\/wp-json\/wp\/v2\/comments?post=2178"}],"version-history":[{"count":32,"href":"https:\/\/probodysystems.com\/bg\/wp-json\/wp\/v2\/pages\/2178\/revisions"}],"predecessor-version":[{"id":3834,"href":"https:\/\/probodysystems.com\/bg\/wp-json\/wp\/v2\/pages\/2178\/revisions\/3834"}],"wp:attachment":[{"href":"https:\/\/probodysystems.com\/bg\/wp-json\/wp\/v2\/media?parent=2178"}],"curies":[{"name":"wp","href":"https:\/\/api.w.org\/{rel}","templated":true}]}}