{"id":2105,"date":"2022-03-11T09:45:01","date_gmt":"2022-03-11T09:45:01","guid":{"rendered":"http:\/\/probodysystems.com\/?page_id=2105"},"modified":"2024-04-27T13:11:11","modified_gmt":"2024-04-27T13:11:11","slug":"blog","status":"publish","type":"page","link":"https:\/\/probodysystems.com\/bg\/\u0431\u043b\u043e\u0433\/","title":{"rendered":"\u0411\u043b\u043e\u0433"},"content":{"rendered":"<div data-elementor-type=\"wp-page\" data-elementor-id=\"2105\" class=\"elementor elementor-2105\">\n\t\t\t\t\t\t<section class=\"elementor-section elementor-top-section elementor-element elementor-element-24119def elementor-section-stretched elementor-section-boxed elementor-section-height-default elementor-section-height-default\" data-id=\"24119def\" data-element_type=\"section\" data-e-type=\"section\" data-settings=\"{&quot;stretch_section&quot;:&quot;section-stretched&quot;,&quot;background_background&quot;:&quot;classic&quot;}\">\n\t\t\t\t\t\t\t<div class=\"elementor-background-overlay\"><\/div>\n\t\t\t\t\t\t\t<div class=\"elementor-container elementor-column-gap-default\">\n\t\t\t\t\t<div class=\"elementor-column elementor-col-100 elementor-top-column elementor-element elementor-element-69c067a0\" data-id=\"69c067a0\" data-element_type=\"column\" data-e-type=\"column\">\n\t\t\t<div class=\"elementor-widget-wrap elementor-element-populated\">\n\t\t\t\t\t\t<div class=\"elementor-element elementor-element-73079720 elementor-widget elementor-widget-heading\" data-id=\"73079720\" data-element_type=\"widget\" data-e-type=\"widget\" data-widget_type=\"heading.default\">\n\t\t\t\t<div class=\"elementor-widget-container\">\n\t\t\t\t\t<h2 class=\"elementor-heading-title elementor-size-default\">\u0411\u043b\u043e\u0433 \u043d\u0430 ProBody Systems<\/h2>\t\t\t\t<\/div>\n\t\t\t\t<\/div>\n\t\t\t\t<div class=\"elementor-element elementor-element-4778fa6c elementor-widget elementor-widget-heading\" data-id=\"4778fa6c\" data-element_type=\"widget\" data-e-type=\"widget\" data-widget_type=\"heading.default\">\n\t\t\t\t<div class=\"elementor-widget-container\">\n\t\t\t\t\t<h2 class=\"elementor-heading-title elementor-size-default\">\u0421\u043b\u0435\u0434\u0435\u0439\u043a\u0438 \u043e\u0442\u0431\u043b\u0438\u0437\u043e \u0441\u044a\u0432\u0440\u0435\u043c\u0435\u043d\u043d\u0438\u0442\u0435 \u0442\u0435\u0445\u043d\u043e\u043b\u043e\u0433\u0438\u0438, \u043d\u0438\u0435 \u0432\u0438 \u043f\u0440\u0435\u0434\u043b\u0430\u0433\u0430\u043c\u0435 \u043f\u043e-\u043f\u043e\u0434\u0440\u043e\u0431\u043d\u0430 \u0438\u043d\u0444\u043e\u0440\u043c\u0430\u0446\u0438\u044f \u0437\u0430 \u043d\u0430\u0448\u0438\u0442\u0435 \u043f\u0440\u043e\u0434\u0443\u043a\u0442\u0438, \u043a\u043e\u044f\u0442\u043e \u0449\u0435 \u043f\u043e\u0434\u043f\u043e\u043c\u043e\u0433\u043d\u0435 \u0437\u0434\u0440\u0430\u0432\u043e\u0441\u043b\u043e\u0432\u043d\u0438\u044f \u043d\u0430\u0447\u0438\u043d \u043d\u0430 \u0436\u0438\u0432\u043e\u0442. \u041f\u0440\u0438 \u043d\u0430\u0441 \u043c\u043e\u0436\u0435\u0442\u0435 \u0434\u0430 \u0441\u0442\u0435 \u043d\u0430\u044f\u0441\u043d\u043e \u0441 \u0432\u0441\u0438\u0447\u043a\u0438 \u0440\u0430\u0437\u0440\u0430\u0431\u043e\u0442\u043a\u0438, \u0434\u0430 \u043d\u0430\u043c\u0435\u0440\u0438\u0442\u0435 \u043e\u0442\u0433\u043e\u0432\u043e\u0440\u0438 \u043d\u0430 \u0432\u044a\u043f\u0440\u043e\u0441\u0438\u0442\u0435, \u043a\u043e\u0438\u0442\u043e \u0432\u0438 \u0432\u044a\u043b\u043d\u0443\u0432\u0430\u0442, \u0438 \u0434\u0430 \u043f\u043e\u043b\u0443\u0447\u0438\u0442\u0435 \u0434\u043e\u0441\u0442\u044a\u043f \u0434\u043e \u0448\u0438\u0440\u043e\u043a \u0441\u043f\u0435\u043a\u0442\u044a\u0440 \u043e\u0442 \u0441\u044a\u0434\u044a\u0440\u0436\u0430\u043d\u0438\u0435 \u0437\u0430 \u0443\u0441\u0442\u0440\u043e\u0439\u0441\u0442\u0432\u0430\u0442\u0430 \u043d\u0430 EMS.<\/h2>\t\t\t\t<\/div>\n\t\t\t\t<\/div>\n\t\t\t\t\t<\/div>\n\t\t<\/div>\n\t\t\t\t\t<\/div>\n\t\t<\/section>\n\t\t\t\t<section class=\"elementor-section elementor-top-section elementor-element elementor-element-584a0b0 elementor-section-stretched elementor-section-boxed elementor-section-height-default elementor-section-height-default\" data-id=\"584a0b0\" data-element_type=\"section\" data-e-type=\"section\" data-settings=\"{&quot;stretch_section&quot;:&quot;section-stretched&quot;}\">\n\t\t\t\t\t\t<div class=\"elementor-container elementor-column-gap-default\">\n\t\t\t\t\t<div class=\"elementor-column elementor-col-100 elementor-top-column elementor-element elementor-element-52224d9\" data-id=\"52224d9\" data-element_type=\"column\" data-e-type=\"column\">\n\t\t\t<div class=\"elementor-widget-wrap elementor-element-populated\">\n\t\t\t\t\t\t<div class=\"elementor-element elementor-element-1283534 elementor-widget elementor-widget-blog-layouts\" data-id=\"1283534\" data-element_type=\"widget\" data-e-type=\"widget\" data-widget_type=\"blog-layouts.default\">\n\t\t\t\t<div class=\"elementor-widget-container\">\n\t\t\t\t\t<div class=\"clearfix\"><\/div><div class=\"bloglayouts bloglayouts-bp-vc-element-blogs  bloglayouts-bp-blogs-style4 bloglayouts-bp-vc-blogs-3-col bloglayouts-bp-vc-element-blogs-1 element-no-padding\"><div class=\"bloglayouts-bp-vc-element-blogs-article-container\"><article class=\"item-blogs first-element-blogs col-xs-4  vc-element-post-odd\"><div class=\"article-image\"><a href=\"https:\/\/probodysystems.com\/bg\/blog\/bahar-detoksu-ve-kas-aktivasyonu-mart-ayinda-ems-ile-metabolizmayi-hizlandirin\/\"><img decoding=\"async\" class=\"bloglayouts-thumbs\" src=\"https:\/\/probodysystems.com\/wp-content\/uploads\/2026\/02\/Screenshot_11-325x235.jpg\" alt=\"Bahar Detoksu ve Kas Aktivasyonu: Mart Ay\u0131nda EMS ile Metabolizmay\u0131 H\u0131zland\u0131r\u0131n\"><\/a><\/div><div class=\"article-info\"><div class=\"article-info-top\" ><div class=\"article-category\"><a href=\"https:\/\/probodysystems.com\/bg\/blog\/category\/saglik-ve-wellness\/\" title=\"View all posts in Sa\u011fl\u0131k ve Wellness\" >\u0417\u0434\u0440\u0430\u0432\u0435 \u0438 \u0443\u0435\u043b\u043d\u0435\u0441<\/a><\/div><h3 class=\"article-title\"><a href=\"https:\/\/probodysystems.com\/bg\/blog\/bahar-detoksu-ve-kas-aktivasyonu-mart-ayinda-ems-ile-metabolizmayi-hizlandirin\/\" >Bahar Detoksu ve Kas Aktivasyonu: Mart Ay\u0131nda EMS ile Metabolizmay\u0131 H\u0131zland\u0131r\u0131n<\/a><\/h3><div class=\"article-author\"><a href=\"https:\/\/probodysystems.com\/bg\/blog\/author\/enderu\/\" >Ender \u00dcskent<\/a><\/div><div class=\"article-separator\">-<\/div><div class=\"article-date\" >\u043c\u0430\u0440\u0442 17, 2026<\/div><\/div><\/div><\/article><article class=\"item-blogs first-element-blogs col-xs-4  vc-element-post-even\"><div class=\"article-image\"><a href=\"https:\/\/probodysystems.com\/bg\/blog\/yaza-hazirlik-basladi-mart-ayinda-ems-ile-hizli-form-kazanma-rehberi-2026\/\"><img decoding=\"async\" class=\"bloglayouts-thumbs\" src=\"https:\/\/probodysystems.com\/wp-content\/uploads\/2026\/02\/Screenshot_10-325x235.jpg\" alt=\"Yaza Haz\u0131rl\u0131k Ba\u015flad\u0131: Mart Ay\u0131nda EMS ile H\u0131zl\u0131 Form Kazanma Rehberi (2026)\"><\/a><\/div><div class=\"article-info\"><div class=\"article-info-top\" ><div class=\"article-category\"><a href=\"https:\/\/probodysystems.com\/bg\/blog\/category\/fitness-saglik\/\" title=\"View all posts in Fitness &amp; Sa\u011fl\u0131k\" >Fitness &amp; Sa\u011fl\u0131k<\/a><\/div><h3 class=\"article-title\"><a href=\"https:\/\/probodysystems.com\/bg\/blog\/yaza-hazirlik-basladi-mart-ayinda-ems-ile-hizli-form-kazanma-rehberi-2026\/\" >Yaza Haz\u0131rl\u0131k Ba\u015flad\u0131: Mart Ay\u0131nda EMS ile H\u0131zl\u0131 Form Kazanma Rehberi (2026)<\/a><\/h3><div class=\"article-author\"><a href=\"https:\/\/probodysystems.com\/bg\/blog\/author\/enderu\/\" >Ender \u00dcskent<\/a><\/div><div class=\"article-separator\">-<\/div><div class=\"article-date\" >\u043c\u0430\u0440\u0442 3, 2026<\/div><\/div><\/div><\/article><article class=\"item-blogs first-element-blogs col-xs-4  vc-element-post-odd\"><div class=\"article-image\"><a href=\"https:\/\/probodysystems.com\/bg\/blog\/ems-performans-artirma-sporcular\/\"><img decoding=\"async\" class=\"bloglayouts-thumbs\" src=\"https:\/\/probodysystems.com\/wp-content\/uploads\/2026\/01\/probody2-325x235.jpg\" alt=\"EMS ile Performans Art\u0131rma: Sporcular \u0130\u00e7in \u00d6zel Antrenman Yakla\u015f\u0131mlar\u0131\"><\/a><\/div><div class=\"article-info\"><div class=\"article-info-top\" ><div class=\"article-category\"><a href=\"https:\/\/probodysystems.com\/bg\/blog\/category\/spor-bilimleri\/\" title=\"View all posts in Spor Bilimleri\" >Spor Bilimleri<\/a><\/div><h3 class=\"article-title\"><a href=\"https:\/\/probodysystems.com\/bg\/blog\/ems-performans-artirma-sporcular\/\" >EMS ile Performans Art\u0131rma: Sporcular \u0130\u00e7in \u00d6zel Antrenman Yakla\u015f\u0131mlar\u0131<\/a><\/h3><div class=\"article-author\"><a href=\"https:\/\/probodysystems.com\/bg\/blog\/author\/alberts\/\" >Probody Systems<\/a><\/div><div class=\"article-separator\">-<\/div><div class=\"article-date\" >\u0444\u0435\u0432\u0440\u0443\u0430\u0440\u0438 10, 2026<\/div><\/div><\/div><\/article><div class=\"clearfix\"><\/div><article class=\"item-blogs first-element-blogs col-xs-4  vc-element-post-even\"><div class=\"article-image\"><a href=\"https:\/\/probodysystems.com\/bg\/blog\/ems-rehabilitasyon-kas-guclendirme\/\"><img decoding=\"async\" class=\"bloglayouts-thumbs\" src=\"https:\/\/probodysystems.com\/wp-content\/uploads\/2026\/01\/probody1-325x235.jpg\" alt=\"EMS ile Rehabilitasyon: Yaralanma Sonras\u0131 Kas G\u00fc\u00e7lendirme ve \u0130yile\u015fme\"><\/a><\/div><div class=\"article-info\"><div class=\"article-info-top\" ><div class=\"article-category\"><a href=\"https:\/\/probodysystems.com\/bg\/blog\/category\/fizik-tedavi\/\" title=\"View all posts in Fizik Tedavi\" >Fizik Tedavi<\/a><\/div><h3 class=\"article-title\"><a href=\"https:\/\/probodysystems.com\/bg\/blog\/ems-rehabilitasyon-kas-guclendirme\/\" >EMS ile Rehabilitasyon: Yaralanma Sonras\u0131 Kas G\u00fc\u00e7lendirme ve \u0130yile\u015fme<\/a><\/h3><div class=\"article-author\"><a href=\"https:\/\/probodysystems.com\/bg\/blog\/author\/alberts\/\" >Probody Systems<\/a><\/div><div class=\"article-separator\">-<\/div><div class=\"article-date\" >\u0444\u0435\u0432\u0440\u0443\u0430\u0440\u0438 3, 2026<\/div><\/div><\/div><\/article><article class=\"item-blogs first-element-blogs col-xs-4  vc-element-post-odd\"><div class=\"article-image\"><a href=\"https:\/\/probodysystems.com\/bg\/blog\/yaslanma-ve-kas-kutlesi-kaybi-emsnin-rolu-ve-faydalari\/\"><img decoding=\"async\" class=\"bloglayouts-thumbs\" src=\"https:\/\/probodysystems.com\/wp-content\/uploads\/2026\/01\/ems5-325x235.jpg\" alt=\"Ya\u015flanma ve Kas K\u00fctlesi Kayb\u0131: EMS\u2019nin Rol\u00fc ve Faydalar\u0131\"><\/a><\/div><div class=\"article-info\"><div class=\"article-info-top\" ><div class=\"article-category\"><a href=\"https:\/\/probodysystems.com\/bg\/blog\/category\/saglik\/\" title=\"View all posts in Sa\u011fl\u0131k\" >Sa\u011fl\u0131k<\/a><\/div><h3 class=\"article-title\"><a href=\"https:\/\/probodysystems.com\/bg\/blog\/yaslanma-ve-kas-kutlesi-kaybi-emsnin-rolu-ve-faydalari\/\" >Ya\u015flanma ve Kas K\u00fctlesi Kayb\u0131: EMS\u2019nin Rol\u00fc ve Faydalar\u0131<\/a><\/h3><div class=\"article-author\"><a href=\"https:\/\/probodysystems.com\/bg\/blog\/author\/alberts\/\" >Probody Systems<\/a><\/div><div class=\"article-separator\">-<\/div><div class=\"article-date\" >\u044f\u043d\u0443\u0430\u0440\u0438 30, 2026<\/div><\/div><\/div><\/article><article class=\"item-blogs first-element-blogs col-xs-4  vc-element-post-even\"><div class=\"article-image\"><a href=\"https:\/\/probodysystems.com\/bg\/blog\/ems-teknolojisi-ile-derin-kas-calismasi-core\/\"><img decoding=\"async\" class=\"bloglayouts-thumbs\" src=\"https:\/\/probodysystems.com\/wp-content\/uploads\/2026\/01\/ems4-325x235.jpg\" alt=\"EMS Teknolojisi ile Derin Kas \u00c7al\u0131\u015fmas\u0131: Core\"><\/a><\/div><div class=\"article-info\"><div class=\"article-info-top\" ><div class=\"article-category\"><a href=\"https:\/\/probodysystems.com\/bg\/blog\/category\/fitness-ve-saglik\/\" title=\"View all posts in Fitness ve Sa\u011fl\u0131k\" >Fitness ve Sa\u011fl\u0131k<\/a><\/div><h3 class=\"article-title\"><a href=\"https:\/\/probodysystems.com\/bg\/blog\/ems-teknolojisi-ile-derin-kas-calismasi-core\/\" >EMS Teknolojisi ile Derin Kas \u00c7al\u0131\u015fmas\u0131: Core<\/a><\/h3><div class=\"article-author\"><a href=\"https:\/\/probodysystems.com\/bg\/blog\/author\/alberts\/\" >Probody Systems<\/a><\/div><div class=\"article-separator\">-<\/div><div class=\"article-date\" >\u044f\u043d\u0443\u0430\u0440\u0438 23, 2026<\/div><\/div><\/div><\/article><div class=\"clearfix\"><\/div><article class=\"item-blogs first-element-blogs col-xs-4  vc-element-post-odd\"><div class=\"article-image\"><a href=\"https:\/\/probodysystems.com\/bg\/blog\/ems-antrenmaninin-kas-onarimi-ve-performans-artisina-etkisi\/\"><img decoding=\"async\" class=\"bloglayouts-thumbs\" src=\"https:\/\/probodysystems.com\/wp-content\/uploads\/2026\/01\/ems3-325x235.jpg\" alt=\"EMS Antrenman\u0131n\u0131n Kas Onar\u0131m\u0131 ve Performans Art\u0131\u015f\u0131na Etkisi\"><\/a><\/div><div class=\"article-info\"><div class=\"article-info-top\" ><div class=\"article-category\"><a href=\"https:\/\/probodysystems.com\/bg\/blog\/category\/spor-ve-saglik\/\" title=\"View all posts in Spor ve Sa\u011fl\u0131k\" >Spor ve Sa\u011fl\u0131k<\/a><\/div><h3 class=\"article-title\"><a href=\"https:\/\/probodysystems.com\/bg\/blog\/ems-antrenmaninin-kas-onarimi-ve-performans-artisina-etkisi\/\" >EMS Antrenman\u0131n\u0131n Kas Onar\u0131m\u0131 ve Performans Art\u0131\u015f\u0131na Etkisi<\/a><\/h3><div class=\"article-author\"><a href=\"https:\/\/probodysystems.com\/bg\/blog\/author\/alberts\/\" >Probody Systems<\/a><\/div><div class=\"article-separator\">-<\/div><div class=\"article-date\" >\u044f\u043d\u0443\u0430\u0440\u0438 16, 2026<\/div><\/div><\/div><\/article><article class=\"item-blogs first-element-blogs col-xs-4  vc-element-post-even\"><div class=\"article-image\"><a href=\"https:\/\/probodysystems.com\/bg\/blog\/probody-systems-emsnin-fizik-tedavi-ve-rehabilitasyondaki-yeri-copy\/\"><img decoding=\"async\" class=\"bloglayouts-thumbs\" src=\"https:\/\/probodysystems.com\/wp-content\/uploads\/2026\/01\/ems2-325x235.jpg\" alt=\"Probody Systems EMS\u2019nin Fizik Tedavi ve Rehabilitasyondaki Yeri Copy\"><\/a><\/div><div class=\"article-info\"><div class=\"article-info-top\" ><div class=\"article-category\"><a href=\"https:\/\/probodysystems.com\/bg\/blog\/category\/saglik\/\" title=\"View all posts in Sa\u011fl\u0131k\" >Sa\u011fl\u0131k<\/a><\/div><h3 class=\"article-title\"><a href=\"https:\/\/probodysystems.com\/bg\/blog\/probody-systems-emsnin-fizik-tedavi-ve-rehabilitasyondaki-yeri-copy\/\" >Probody Systems EMS\u2019nin Fizik Tedavi ve Rehabilitasyondaki Yeri Copy<\/a><\/h3><div class=\"article-author\"><a href=\"https:\/\/probodysystems.com\/bg\/blog\/author\/alberts\/\" >Probody Systems<\/a><\/div><div class=\"article-separator\">-<\/div><div class=\"article-date\" >\u044f\u043d\u0443\u0430\u0440\u0438 9, 2026<\/div><\/div><\/div><\/article><article class=\"item-blogs first-element-blogs col-xs-4  vc-element-post-odd\"><div class=\"article-image\"><a href=\"https:\/\/probodysystems.com\/bg\/blog\/ems-ile-agri-azaltma-kas-gucu-ve-postur-icin-bilimsel-yaklasim\/\"><img decoding=\"async\" class=\"bloglayouts-thumbs\" src=\"https:\/\/probodysystems.com\/wp-content\/uploads\/2026\/01\/ems1-325x235.jpg\" alt=\"EMS ile A\u011fr\u0131 Azaltma: Kas G\u00fcc\u00fc ve Post\u00fcr \u0130\u00e7in Bilimsel Yakla\u015f\u0131m\"><\/a><\/div><div class=\"article-info\"><div class=\"article-info-top\" ><div class=\"article-category\"><a href=\"https:\/\/probodysystems.com\/bg\/blog\/category\/saglik\/\" title=\"View all posts in Sa\u011fl\u0131k\" >Sa\u011fl\u0131k<\/a><\/div><h3 class=\"article-title\"><a href=\"https:\/\/probodysystems.com\/bg\/blog\/ems-ile-agri-azaltma-kas-gucu-ve-postur-icin-bilimsel-yaklasim\/\" >EMS ile A\u011fr\u0131 Azaltma: Kas G\u00fcc\u00fc ve Post\u00fcr \u0130\u00e7in Bilimsel Yakla\u015f\u0131m<\/a><\/h3><div class=\"article-author\"><a href=\"https:\/\/probodysystems.com\/bg\/blog\/author\/alberts\/\" >Probody Systems<\/a><\/div><div class=\"article-separator\">-<\/div><div class=\"article-date\" >\u044f\u043d\u0443\u0430\u0440\u0438 2, 2026<\/div><\/div><\/div><\/article><div class=\"clearfix\"><\/div><\/div><div class=\"clearfix\"><\/div><div class=\"clearfix\"><\/div><div class=\"bloglayouts-bp-blogs-display-1 bloglayouts-bp-vc-pagination\"><div class='fnwp-numeric-pagination'><span class='current' >1<\/span><a href='https:\/\/probodysystems.com\/bg\/wp-json\/wp\/v2\/pages\/2105\/page\/2\/' class='inactive' >2<\/a><a href='https:\/\/probodysystems.com\/bg\/wp-json\/wp\/v2\/pages\/2105\/page\/3\/' class='inactive' >3<\/a><a href='https:\/\/probodysystems.com\/bg\/wp-json\/wp\/v2\/pages\/2105\/page\/2\/' class=\"fnwp-pagination-numeric-arrow\" ><i class=\"fa fa-angle-right fnwp-icon-right\"><\/i><\/a><a href='https:\/\/probodysystems.com\/bg\/wp-json\/wp\/v2\/pages\/2105\/page\/11\/' class=\"fnwp-pagination-numeric-arrow\" ><i class=\"fa fa-angle-double-right fnwp-icon-double-right\"><\/i><\/a><\/div>\n<div class=\"clearfix\"><\/div><\/div><\/div>\t\t\t\t<\/div>\n\t\t\t\t<\/div>\n\t\t\t\t\t<\/div>\n\t\t<\/div>\n\t\t\t\t\t<\/div>\n\t\t<\/section>\n\t\t\t\t<section class=\"elementor-section elementor-top-section elementor-element elementor-element-d1dcede elementor-section-stretched elementor-section-boxed elementor-section-height-default elementor-section-height-default\" data-id=\"d1dcede\" data-element_type=\"section\" data-e-type=\"section\" data-settings=\"{&quot;stretch_section&quot;:&quot;section-stretched&quot;,&quot;background_background&quot;:&quot;classic&quot;}\">\n\t\t\t\t\t\t<div class=\"elementor-container elementor-column-gap-default\">\n\t\t\t\t\t<div class=\"elementor-column elementor-col-50 elementor-top-column elementor-element elementor-element-40d24b2a\" data-id=\"40d24b2a\" data-element_type=\"column\" data-e-type=\"column\">\n\t\t\t<div class=\"elementor-widget-wrap elementor-element-populated\">\n\t\t\t\t\t\t<div class=\"elementor-element elementor-element-49e1e137 elementor-widget elementor-widget-heading\" data-id=\"49e1e137\" data-element_type=\"widget\" data-e-type=\"widget\" data-widget_type=\"heading.default\">\n\t\t\t\t<div class=\"elementor-widget-container\">\n\t\t\t\t\t<h2 class=\"elementor-heading-title elementor-size-default\">\u041d\u0430\u0443\u0447\u0435\u0442\u0435 \u043f\u043e\u0432\u0435\u0447\u0435 \u0437\u0430 ProBody.<\/h2>\t\t\t\t<\/div>\n\t\t\t\t<\/div>\n\t\t\t\t\t<\/div>\n\t\t<\/div>\n\t\t\t\t<div class=\"elementor-column elementor-col-50 elementor-top-column elementor-element elementor-element-34d7e9e6\" data-id=\"34d7e9e6\" data-element_type=\"column\" data-e-type=\"column\">\n\t\t\t<div class=\"elementor-widget-wrap elementor-element-populated\">\n\t\t\t\t\t\t<div class=\"elementor-element elementor-element-29ffc4d8 elementor-align-center elementor-widget elementor-widget-button\" data-id=\"29ffc4d8\" data-element_type=\"widget\" data-e-type=\"widget\" data-widget_type=\"button.default\">\n\t\t\t\t<div class=\"elementor-widget-container\">\n\t\t\t\t\t\t\t\t\t<div class=\"elementor-button-wrapper\">\n\t\t\t\t\t<a class=\"elementor-button elementor-button-link elementor-size-sm\" href=\"https:\/\/probodysystems.com\/bg\/\u043a\u043e\u043c\u0443\u043d\u0438\u043a\u0430\u0446\u0438\u044f\/\">\n\t\t\t\t\t\t<span class=\"elementor-button-content-wrapper\">\n\t\t\t\t\t\t\t\t\t<span class=\"elementor-button-text\">\u0417\u0430 \u043f\u043e\u0434\u0440\u043e\u0431\u043d\u0430 \u0438\u043d\u0444\u043e\u0440\u043c\u0430\u0446\u0438\u044f<\/span>\n\t\t\t\t\t<\/span>\n\t\t\t\t\t<\/a>\n\t\t\t\t<\/div>\n\t\t\t\t\t\t\t\t<\/div>\n\t\t\t\t<\/div>\n\t\t\t\t\t<\/div>\n\t\t<\/div>\n\t\t\t\t\t<\/div>\n\t\t<\/section>\n\t\t\t\t<\/div>","protected":false},"excerpt":{"rendered":"<p>ProBody Systems Blog G\u00fcn\u00fcm\u00fcz teknolojisini yak\u0131ndan takip ederek sa\u011fl\u0131kl\u0131 ya\u015fama destek verecek \u00fcr\u00fcnlerimiz hakk\u0131nda daha detayl\u0131 bilgileri sizlere sunuyoruz. Bizimle birlikte t\u00fcm [&hellip;]<\/p>","protected":false},"author":4,"featured_media":0,"parent":0,"menu_order":0,"comment_status":"closed","ping_status":"closed","template":"page-templates\/page_front-page.php","meta":{"footnotes":""},"class_list":["post-2105","page","type-page","status-publish","hentry"],"yoast_head":"<!-- This site is optimized with the Yoast SEO plugin v27.2 - https:\/\/yoast.com\/product\/yoast-seo-wordpress\/ -->\n<title>EMS Blog | EMS Hakk\u0131nda Merak Edilenler | Probody Systems<\/title>\n<meta name=\"description\" content=\"Probody Systems Blog sayfalar\u0131m\u0131zda EMS Nedir?, Neden EMS?, EMS ile Fitness, EMS Sporu gibi farkl\u0131 konu ba\u015fl\u0131klar\u0131nda kapsaml\u0131 i\u00e7eriklere ula\u015fabilirsiniz.\" \/>\n<meta name=\"robots\" content=\"index, follow, max-snippet:-1, max-image-preview:large, max-video-preview:-1\" \/>\n<link rel=\"canonical\" href=\"https:\/\/probodysystems.com\/bg\/\u0431\u043b\u043e\u0433\/\" \/>\n<meta property=\"og:locale\" content=\"bg_BG\" \/>\n<meta property=\"og:type\" content=\"article\" \/>\n<meta property=\"og:title\" content=\"EMS Blog | EMS Hakk\u0131nda Merak Edilenler | Probody Systems\" \/>\n<meta property=\"og:description\" content=\"Probody Systems Blog sayfalar\u0131m\u0131zda EMS Nedir?, Neden EMS?, EMS ile Fitness, EMS Sporu gibi farkl\u0131 konu ba\u015fl\u0131klar\u0131nda kapsaml\u0131 i\u00e7eriklere ula\u015fabilirsiniz.\" \/>\n<meta property=\"og:url\" content=\"https:\/\/probodysystems.com\/bg\/\u0431\u043b\u043e\u0433\/\" \/>\n<meta property=\"og:site_name\" content=\"Probody Systems\" \/>\n<meta property=\"article:modified_time\" content=\"2024-04-27T13:11:11+00:00\" \/>\n<meta property=\"og:image\" content=\"http:\/\/probodysystems.com\/wp-content\/uploads\/2022\/05\/ems-spor.png\" \/>\n<meta name=\"twitter:card\" content=\"summary_large_image\" \/>\n<meta name=\"twitter:label1\" content=\"Est. reading time\" \/>\n\t<meta name=\"twitter:data1\" content=\"3 \u043c\u0438\u043d\u0443\u0442\u0438\" \/>\n<!-- \/ Yoast SEO plugin. -->","yoast_head_json":{"title":"\u0411\u043b\u043e\u0433 \u043d\u0430 EMS | \u041b\u044e\u0431\u043e\u043f\u0438\u0442\u043d\u0438 \u0444\u0430\u043a\u0442\u0438 \u0437\u0430 EMS | \u0421\u0438\u0441\u0442\u0435\u043c\u0438 Probody","description":"\u0412 \u043d\u0430\u0448\u0438\u0442\u0435 \u0441\u0442\u0440\u0430\u043d\u0438\u0446\u0438 \u043d\u0430 \u0431\u043b\u043e\u0433\u0430 \u043d\u0430 Probody Systems \u043c\u043e\u0436\u0435\u0442\u0435 \u0434\u0430 \u043d\u0430\u043c\u0435\u0440\u0438\u0442\u0435 \u0438\u0437\u0447\u0435\u0440\u043f\u0430\u0442\u0435\u043b\u043d\u043e \u0441\u044a\u0434\u044a\u0440\u0436\u0430\u043d\u0438\u0435 \u043f\u043e \u0440\u0430\u0437\u043b\u0438\u0447\u043d\u0438 \u0442\u0435\u043c\u0438, \u043a\u0430\u0442\u043e \u043d\u0430\u043f\u0440\u0438\u043c\u0435\u0440 \u041a\u0430\u043a\u0432\u043e \u0435 EMS?, \u0417\u0430\u0449\u043e EMS?, \u0424\u0438\u0442\u043d\u0435\u0441 \u0441 EMS, EMS Sports.","robots":{"index":"index","follow":"follow","max-snippet":"max-snippet:-1","max-image-preview":"max-image-preview:large","max-video-preview":"max-video-preview:-1"},"canonical":"https:\/\/probodysystems.com\/bg\/\u0431\u043b\u043e\u0433\/","og_locale":"bg_BG","og_type":"article","og_title":"EMS Blog | EMS Hakk\u0131nda Merak Edilenler | Probody Systems","og_description":"Probody Systems Blog sayfalar\u0131m\u0131zda EMS Nedir?, Neden EMS?, EMS ile Fitness, EMS Sporu gibi farkl\u0131 konu ba\u015fl\u0131klar\u0131nda kapsaml\u0131 i\u00e7eriklere ula\u015fabilirsiniz.","og_url":"https:\/\/probodysystems.com\/bg\/\u0431\u043b\u043e\u0433\/","og_site_name":"Probody Systems","article_modified_time":"2024-04-27T13:11:11+00:00","og_image":[{"url":"http:\/\/probodysystems.com\/wp-content\/uploads\/2022\/05\/ems-spor.png","type":"","width":"","height":""}],"twitter_card":"summary_large_image","twitter_misc":{"Est. reading time":"3 \u043c\u0438\u043d\u0443\u0442\u0438"},"schema":{"@context":"https:\/\/schema.org","@graph":[{"@type":"WebPage","@id":"https:\/\/probodysystems.com\/blog\/","url":"https:\/\/probodysystems.com\/blog\/","name":"\u0411\u043b\u043e\u0433 \u043d\u0430 EMS | \u041b\u044e\u0431\u043e\u043f\u0438\u0442\u043d\u0438 \u0444\u0430\u043a\u0442\u0438 \u0437\u0430 EMS | \u0421\u0438\u0441\u0442\u0435\u043c\u0438 Probody","isPartOf":{"@id":"https:\/\/probodysystems.com\/#website"},"primaryImageOfPage":{"@id":"https:\/\/probodysystems.com\/blog\/#primaryimage"},"image":{"@id":"https:\/\/probodysystems.com\/blog\/#primaryimage"},"thumbnailUrl":"http:\/\/probodysystems.com\/wp-content\/uploads\/2022\/05\/ems-spor.png","datePublished":"2022-03-11T09:45:01+00:00","dateModified":"2024-04-27T13:11:11+00:00","description":"\u0412 \u043d\u0430\u0448\u0438\u0442\u0435 \u0441\u0442\u0440\u0430\u043d\u0438\u0446\u0438 \u043d\u0430 \u0431\u043b\u043e\u0433\u0430 \u043d\u0430 Probody Systems \u043c\u043e\u0436\u0435\u0442\u0435 \u0434\u0430 \u043d\u0430\u043c\u0435\u0440\u0438\u0442\u0435 \u0438\u0437\u0447\u0435\u0440\u043f\u0430\u0442\u0435\u043b\u043d\u043e \u0441\u044a\u0434\u044a\u0440\u0436\u0430\u043d\u0438\u0435 \u043f\u043e \u0440\u0430\u0437\u043b\u0438\u0447\u043d\u0438 \u0442\u0435\u043c\u0438, \u043a\u0430\u0442\u043e \u043d\u0430\u043f\u0440\u0438\u043c\u0435\u0440 \u041a\u0430\u043a\u0432\u043e \u0435 EMS?, \u0417\u0430\u0449\u043e EMS?, \u0424\u0438\u0442\u043d\u0435\u0441 \u0441 EMS, EMS Sports.","breadcrumb":{"@id":"https:\/\/probodysystems.com\/blog\/#breadcrumb"},"inLanguage":"bg-BG","potentialAction":[{"@type":"ReadAction","target":["https:\/\/probodysystems.com\/blog\/"]}]},{"@type":"ImageObject","inLanguage":"bg-BG","@id":"https:\/\/probodysystems.com\/blog\/#primaryimage","url":"http:\/\/probodysystems.com\/wp-content\/uploads\/2022\/05\/ems-spor.png","contentUrl":"http:\/\/probodysystems.com\/wp-content\/uploads\/2022\/05\/ems-spor.png"},{"@type":"BreadcrumbList","@id":"https:\/\/probodysystems.com\/blog\/#breadcrumb","itemListElement":[{"@type":"ListItem","position":1,"name":"Home","item":"https:\/\/probodysystems.com\/"},{"@type":"ListItem","position":2,"name":"Blog"}]},{"@type":"WebSite","@id":"https:\/\/probodysystems.com\/#website","url":"https:\/\/probodysystems.com\/","name":"Probody Systems","description":"Az zamanda \u00e7ok fitness","potentialAction":[{"@type":"SearchAction","target":{"@type":"EntryPoint","urlTemplate":"https:\/\/probodysystems.com\/?s={search_term_string}"},"query-input":{"@type":"PropertyValueSpecification","valueRequired":true,"valueName":"search_term_string"}}],"inLanguage":"bg-BG"}]}},"_links":{"self":[{"href":"https:\/\/probodysystems.com\/bg\/wp-json\/wp\/v2\/pages\/2105","targetHints":{"allow":["GET"]}}],"collection":[{"href":"https:\/\/probodysystems.com\/bg\/wp-json\/wp\/v2\/pages"}],"about":[{"href":"https:\/\/probodysystems.com\/bg\/wp-json\/wp\/v2\/types\/page"}],"author":[{"embeddable":true,"href":"https:\/\/probodysystems.com\/bg\/wp-json\/wp\/v2\/users\/4"}],"replies":[{"embeddable":true,"href":"https:\/\/probodysystems.com\/bg\/wp-json\/wp\/v2\/comments?post=2105"}],"version-history":[{"count":43,"href":"https:\/\/probodysystems.com\/bg\/wp-json\/wp\/v2\/pages\/2105\/revisions"}],"predecessor-version":[{"id":3847,"href":"https:\/\/probodysystems.com\/bg\/wp-json\/wp\/v2\/pages\/2105\/revisions\/3847"}],"wp:attachment":[{"href":"https:\/\/probodysystems.com\/bg\/wp-json\/wp\/v2\/media?parent=2105"}],"curies":[{"name":"wp","href":"https:\/\/api.w.org\/{rel}","templated":true}]}}