{"id":1374,"date":"2022-02-04T06:28:35","date_gmt":"2022-02-04T06:28:35","guid":{"rendered":"http:\/\/probodysystems.com\/?page_id=1374"},"modified":"2022-03-29T14:17:39","modified_gmt":"2022-03-29T14:17:39","slug":"bayi-basvurusu","status":"publish","type":"page","link":"https:\/\/probodysystems.com\/bg\/\u043a\u0430\u043d\u0434\u0438\u0434\u0430\u0442\u0441\u0442\u0432\u0430\u043d\u0435-\u0437\u0430-\u0434\u0438\u043b\u044a\u0440\/","title":{"rendered":"Bayi-Basvurusu"},"content":{"rendered":"<div data-elementor-type=\"wp-page\" data-elementor-id=\"1374\" class=\"elementor elementor-1374\">\n\t\t\t\t\t\t<section class=\"elementor-section elementor-top-section elementor-element elementor-element-7dbcc509 elementor-section-full_width elementor-section-stretched elementor-section-height-default elementor-section-height-default\" data-id=\"7dbcc509\" data-element_type=\"section\" data-e-type=\"section\" data-settings=\"{&quot;stretch_section&quot;:&quot;section-stretched&quot;}\">\n\t\t\t\t\t\t<div class=\"elementor-container elementor-column-gap-no\">\n\t\t\t\t\t<div class=\"elementor-column elementor-col-100 elementor-top-column elementor-element elementor-element-7b13218\" data-id=\"7b13218\" data-element_type=\"column\" data-e-type=\"column\">\n\t\t\t<div class=\"elementor-widget-wrap elementor-element-populated\">\n\t\t\t\t\t\t<div class=\"elementor-element elementor-element-6cdd9493 elementor-widget elementor-widget-prime-slider-general\" data-id=\"6cdd9493\" data-element_type=\"widget\" data-e-type=\"widget\" data-widget_type=\"prime-slider-general.default\">\n\t\t\t\t<div class=\"elementor-widget-container\">\n\t\t\t\t\t\t\t<div class=\"bdt-prime-slider\">\n\t\t\t<div class=\"bdt-prime-slider-skin-general\">\n\t\t\t\t<div class=\"bdt-position-relative bdt-visible-toggle\" bdt-slideshow=\"{&quot;animation&quot;:&quot;fade&quot;,&quot;ratio&quot;:&quot;1000:450&quot;,&quot;min-height&quot;:575,&quot;autoplay&quot;:true,&quot;autoplay-interval&quot;:8000,&quot;pause-on-hover&quot;:false,&quot;draggable&quot;:true,&quot;velocity&quot;:1,&quot;finite&quot;:true}\" data-settings=\"{&quot;id&quot;:&quot;#bdt-6cdd9493&quot;,&quot;animation_status&quot;:&quot;no&quot;}\" id=\"bdt-6cdd9493\">\n\t\t\t\t\t<ul class=\"bdt-slideshow-items\">\n\t\t\t\t\t\t\n\t\t\t<li\n\t\t\t\tclass=\"bdt-slideshow-item bdt-flex bdt-flex-middle bdt-flex-center elementor-repeater-item-59a23a0\">\n\t\t\t\t\n\t\t\t\t\t\t\t\t\t\t\t\n\t\t<div class=\"bdt-ps-slide-img\" style=\"background-image: url('https:\/\/probodysystems.com\/wp-content\/uploads\/2022\/01\/probody-bayi-basvurusu.jpg')\"><\/div>\n\n\t\t\t\t\t\t\t\n\t\t\t\t\t\n\t\t\t\t\n\t\t\t\t\t\t<div class=\"bdt-prime-slider-wrapper\">\n\t\t\t<div class=\"bdt-prime-slider-content\">\n\t\t\t\t<div class=\"bdt-prime-slider-desc\">\n\n\t\t\t\t\t\n\t\t\t\t\t\t\t\t\t\t\t<div data-reveal=\"reveal-active\" class=\"bdt-main-title\" data-bdt-slideshow-parallax=\"x: 100,0,-20; opacity: 1,1,0\">\n\t\t\t\t\t\t\t<h1\t\t\t\t\t\t\t\tclass=\"bdt-title-tag\">\n\t\t\t\t\t\t\t\t\t\t\t\t\t\t\t\t\t\u0418\u0441\u043a\u0430\u0442\u0435 \u043b\u0438 \u0434\u0430 \u0431\u044a\u0434\u0435\u0442\u0435 \u043d\u0430\u0448 \u0434\u0438\u043b\u044a\u0440?\t\t\t\t\t\t\t\t\t\t\t\t\t\t\t\t<\/h1>\n\t\t\t\t\t\t<\/div>\n\t\t\t\t\t\n\t\t\t\t\t\t\t\t\t\t\t<div data-reveal=\"reveal-active\" class=\"bdt-slider-excerpt\" data-bdt-slideshow-parallax=\"x: 120,0,-30; opacity: 1,1,0\">\n\t\t\t\t\t\t\t<p class=\"big\">\u0418\u0441\u043a\u0430\u0442\u0435 \u043b\u0438 \u0434\u0430 \u0434\u043e\u0431\u0430\u0432\u0438\u0442\u0435 \u043d\u043e\u0432\u0438 \u043f\u0440\u043e\u0434\u0443\u043a\u0442\u0438 \u043a\u044a\u043c \u0441\u043e\u0431\u0441\u0442\u0432\u0435\u043d\u0430\u0442\u0430 \u0441\u0438 \u0441\u0440\u0435\u0434\u0430 \u0438 \u0441\u044a\u0449\u0435\u0441\u0442\u0432\u0443\u0432\u0430\u0449\u0438\u044f \u0431\u0438\u0437\u043d\u0435\u0441 \u043f\u043e\u0442\u0435\u043d\u0446\u0438\u0430\u043b \u0432\u044a\u0432 \u0432\u0430\u0448\u0438\u044f \u0440\u0435\u0433\u0438\u043e\u043d? \u041f\u0440\u0438\u0441\u044a\u0435\u0434\u0438\u043d\u0435\u0442\u0435 \u0441\u0435 \u043a\u044a\u043c \u0441\u0435\u043c\u0435\u0439\u0441\u0442\u0432\u043e\u0442\u043e \u043d\u0430 ProBody Systems \u0438 \u0437\u0430\u0435\u043c\u0435\u0442\u0435 \u0441\u0432\u043e\u0435\u0442\u043e \u043c\u044f\u0441\u0442\u043e \u0432 \u0440\u0430\u0437\u0432\u0438\u0432\u0430\u0449\u0438\u044f \u0441\u0435 \u0441\u0432\u044f\u0442 \u043d\u0430 EMS.<\/p>\t\t\t\t\t\t<\/div>\n\t\t\t\t\t\n\t\t\t\t\t<div data-bdt-slideshow-parallax=\"x: 150,0,-30; opacity: 1,1,0\">\n\t\t\t\t\t\t<div class=\"bdt-btn-wrapper\">\n\t\t\t\t\t\t\t\n\t\t\n\t\t\t<a class=\"bdt-slide-btn\" data-reveal=\"reveal-active\" href=\"https:\/\/probodysystems.com\/bg\/\u043a\u043e\u043c\u0443\u043d\u0438\u043a\u0430\u0446\u0438\u044f\/\">\n\n\t\t\t\t\t\t\t\t<span class=\"bdt-prime-slider-button-wrapper\">\n\n\t\t\t\t\t<span class=\"bdt-prime-slider-button-text bdt-flex bdt-flex-middle bdt-flex-inline\">\u0421\u0432\u044a\u0440\u0436\u0435\u0442\u0435 \u0441\u0435 \u0441 \u043d\u0430\u0441\t\t\t\t\t\t\t\t\t\t\t\t\t<span class=\"bdt-slide-btn-icon\"><svg width=\"20\" height=\"20\" viewbox=\"0 0 20 20\"\n\t\t\t\t\t\t\t\t\txmlns=\"http:\/\/www.w3.org\/2000\/svg\" data-svg=\"arrow-right\">\n\t\t\t\t\t\t\t\t\t<polyline fill=\"none\" stroke=\"#000\" points=\"10 5 15 9.5 10 14\"><\/polyline>\n\t\t\t\t\t\t\t\t\t<line fill=\"none\" stroke=\"#000\" x1=\"4\" y1=\"9.5\" x2=\"15\" y2=\"9.5\"><\/line>\n\t\t\t\t\t\t\t\t<\/svg><\/span>\n\t\t\t\t\t\t\t\t\t\t\t<\/span>\n\n\t\t\t\t<\/span>\n\n\t\t\t<\/a>\n\t\t\t\t\t\t\t\t<\/div>\n\t\t\t\t\t<\/div>\n\t\t\t\t<\/div>\n\n\t\t\t\t\n\t\t\t<\/div>\n\t\t<\/div>\n\t\t\t\t\t<\/li>\n\n\t\t\n\t\t\t\t\t<\/ul>\n\t\t\t\t\t\n\t\t\t\t\t\t\t\t<div class=\"reveal-muted\">\n\t\t\t\t<a class=\"bdt-position-bottom-right bdt-prime-slider-previous\" href=\"#\" bdt-slidenav-previous\n\t\t\t\t\tbdt-slideshow-item=\"previous\"><\/a>\n\t\t\t\t<a class=\"bdt-position-bottom-right bdt-prime-slider-next\" href=\"#\" bdt-slidenav-next bdt-slideshow-item=\"next\"><\/a>\n\t\t\t<\/div>\n\n\t\t\n\t\t\t\t\t\t\t\n\t\t\t\t\t<div >\n\t\t\t\t<ul class=\"bdt-slideshow-nav bdt-dotnav bdt-margin-large bdt-position-bottom-left bdt-text-center reveal-muted\">\n\t\t\t\t<\/ul>\n\t\t\t<\/div>\n\t\t\n\t\t\t\t\t\t<\/div>\n\t\t\t\t\t\t\t\t\t\t\t<\/div>\n\t\t<\/div>\n\t\t\t\t\t\t<\/div>\n\t\t\t\t<\/div>\n\t\t\t\t\t<\/div>\n\t\t<\/div>\n\t\t\t\t\t<\/div>\n\t\t<\/section>\n\t\t\t\t<section class=\"elementor-section elementor-top-section elementor-element elementor-element-e53cd22 elementor-section-stretched elementor-section-boxed elementor-section-height-default elementor-section-height-default\" data-id=\"e53cd22\" data-element_type=\"section\" data-e-type=\"section\" data-settings=\"{&quot;stretch_section&quot;:&quot;section-stretched&quot;,&quot;background_background&quot;:&quot;classic&quot;}\">\n\t\t\t\t\t\t\t<div class=\"elementor-background-overlay\"><\/div>\n\t\t\t\t\t\t\t<div class=\"elementor-container elementor-column-gap-default\">\n\t\t\t\t\t<div class=\"elementor-column elementor-col-100 elementor-top-column elementor-element elementor-element-3060b4e0\" data-id=\"3060b4e0\" data-element_type=\"column\" data-e-type=\"column\">\n\t\t\t<div class=\"elementor-widget-wrap elementor-element-populated\">\n\t\t\t\t\t\t<div class=\"elementor-element elementor-element-554931db elementor-widget elementor-widget-heading\" data-id=\"554931db\" data-element_type=\"widget\" data-e-type=\"widget\" data-widget_type=\"heading.default\">\n\t\t\t\t<div class=\"elementor-widget-container\">\n\t\t\t\t\t<h2 class=\"elementor-heading-title elementor-size-default\">\u0417\u0430\u0435\u043c\u0435\u0442\u0435 \u0441\u0432\u043e\u0435\u0442\u043e \u043c\u044f\u0441\u0442\u043e \u0432 \u0441\u0432\u0435\u0442\u0430 \u043d\u0430 EMS!<\/h2>\t\t\t\t<\/div>\n\t\t\t\t<\/div>\n\t\t\t\t<div class=\"elementor-element elementor-element-628fa8f9 elementor-widget elementor-widget-heading\" data-id=\"628fa8f9\" data-element_type=\"widget\" data-e-type=\"widget\" data-widget_type=\"heading.default\">\n\t\t\t\t<div class=\"elementor-widget-container\">\n\t\t\t\t\t<h2 class=\"elementor-heading-title elementor-size-default\">\u0421\u0430\u043c\u043e \u0441 20-\u043c\u0438\u043d\u0443\u0442\u043d\u043e \u043d\u043e\u0441\u0435\u043d\u0435 \u043d\u0430 EMS \u0437\u0430 \u0446\u044f\u043b\u043e\u0442\u043e \u0442\u044f\u043b\u043e \u043c\u043e\u0436\u0435\u0442\u0435 \u0434\u0430 \u043f\u043e\u0441\u0442\u0438\u0433\u043d\u0435\u0442\u0435 \u0441\u044a\u0449\u0430\u0442\u0430 \u0435\u0444\u0435\u043a\u0442\u0438\u0432\u043d\u043e\u0441\u0442, \u043a\u0430\u043a\u0432\u0430\u0442\u043e \u0431\u0438\u0445\u0442\u0435 \u043f\u043e\u0441\u0442\u0438\u0433\u043d\u0430\u043b\u0438 \u0441\u044a\u0441 120 \u043c\u0438\u043d\u0443\u0442\u0438 \u0442\u0440\u0430\u0434\u0438\u0446\u0438\u043e\u043d\u043d\u043e \u043e\u0431\u0443\u0447\u0435\u043d\u0438\u0435. \u041a\u0430\u043d\u0434\u0438\u0434\u0430\u0442\u0441\u0442\u0432\u0430\u0439\u0442\u0435, \u0437\u0430 \u0434\u0430 \u0441\u0442\u0430\u043d\u0435\u0442\u0435 \u043c\u0435\u0441\u0442\u0435\u043d \u0434\u0438\u0441\u0442\u0440\u0438\u0431\u0443\u0442\u043e\u0440, \u0438 \u043d\u0435\u043a\u0430 \u043f\u043e\u0433\u043e\u0432\u043e\u0440\u0438\u043c \u0437\u0430 \u0442\u043e\u0432\u0430 \u043a\u0430\u043a \u0434\u0430 \u0433\u043e \u043e\u0441\u044a\u0449\u0435\u0441\u0442\u0432\u0438\u043c!<\/h2>\t\t\t\t<\/div>\n\t\t\t\t<\/div>\n\t\t\t\t<div class=\"elementor-element elementor-element-3d0dcc51 elementor-align-center elementor-widget elementor-widget-button\" data-id=\"3d0dcc51\" data-element_type=\"widget\" data-e-type=\"widget\" data-widget_type=\"button.default\">\n\t\t\t\t<div class=\"elementor-widget-container\">\n\t\t\t\t\t\t\t\t\t<div class=\"elementor-button-wrapper\">\n\t\t\t\t\t<a class=\"elementor-button elementor-button-link elementor-size-sm\" href=\"#\">\n\t\t\t\t\t\t<span class=\"elementor-button-content-wrapper\">\n\t\t\t\t\t\t\t\t\t<span class=\"elementor-button-text\">\u0421\u0432\u044a\u0440\u0436\u0435\u0442\u0435 \u0441\u0435 \u0441 \u043d\u0430\u0441<\/span>\n\t\t\t\t\t<\/span>\n\t\t\t\t\t<\/a>\n\t\t\t\t<\/div>\n\t\t\t\t\t\t\t\t<\/div>\n\t\t\t\t<\/div>\n\t\t\t\t\t<\/div>\n\t\t<\/div>\n\t\t\t\t\t<\/div>\n\t\t<\/section>\n\t\t\t\t<section class=\"elementor-section elementor-top-section elementor-element elementor-element-59983ba3 elementor-section-stretched elementor-section-boxed elementor-section-height-default elementor-section-height-default\" data-id=\"59983ba3\" data-element_type=\"section\" data-e-type=\"section\" data-settings=\"{&quot;stretch_section&quot;:&quot;section-stretched&quot;,&quot;background_background&quot;:&quot;classic&quot;}\">\n\t\t\t\t\t\t\t<div class=\"elementor-background-overlay\"><\/div>\n\t\t\t\t\t\t\t<div class=\"elementor-container elementor-column-gap-default\">\n\t\t\t\t\t<div class=\"elementor-column elementor-col-100 elementor-top-column elementor-element elementor-element-4424fad3\" data-id=\"4424fad3\" data-element_type=\"column\" data-e-type=\"column\">\n\t\t\t<div class=\"elementor-widget-wrap elementor-element-populated\">\n\t\t\t\t\t\t<section class=\"elementor-section elementor-inner-section elementor-element elementor-element-559a996c elementor-section-boxed elementor-section-height-default elementor-section-height-default\" data-id=\"559a996c\" data-element_type=\"section\" data-e-type=\"section\">\n\t\t\t\t\t\t<div class=\"elementor-container elementor-column-gap-default\">\n\t\t\t\t\t<div class=\"elementor-column elementor-col-100 elementor-inner-column elementor-element elementor-element-57a23cc6\" data-id=\"57a23cc6\" data-element_type=\"column\" data-e-type=\"column\">\n\t\t\t<div class=\"elementor-widget-wrap elementor-element-populated\">\n\t\t\t\t\t\t<div class=\"elementor-element elementor-element-2a5c692f elementor-widget elementor-widget-heading\" data-id=\"2a5c692f\" data-element_type=\"widget\" data-e-type=\"widget\" data-widget_type=\"heading.default\">\n\t\t\t\t<div class=\"elementor-widget-container\">\n\t\t\t\t\t<h2 class=\"elementor-heading-title elementor-size-default\">\u0418\u0441\u043a\u0430\u043c \u0434\u0430 \u0431\u044a\u0434\u0430 \u043c\u0435\u0441\u0442\u0435\u043d \u0434\u0438\u043b\u044a\u0440\n\n<\/h2>\t\t\t\t<\/div>\n\t\t\t\t<\/div>\n\t\t\t\t<div class=\"elementor-element elementor-element-ad878d6 elementor-widget elementor-widget-text-editor\" data-id=\"ad878d6\" data-element_type=\"widget\" data-e-type=\"widget\" data-widget_type=\"text-editor.default\">\n\t\t\t\t<div class=\"elementor-widget-container\">\n\t\t\t\t\t\t\t\t\t<p><div class=\"forminator-ui forminator-custom-form forminator-custom-form-2166 forminator-design--material  forminator_ajax\" data-forminator-render=\"0\" data-form=\"forminator-module-2166\" data-uid=\"69d6189f1bf12\"><br\/><\/div><form\n\t\t\t\tid=\"forminator-module-2166\"\n\t\t\t\tclass=\"forminator-ui forminator-custom-form forminator-custom-form-2166 forminator-design--material  forminator_ajax\"\n\t\t\t\tmethod=\"post\"\n\t\t\t\tdata-forminator-render=\"0\"\n\t\t\t\tdata-form-id=\"2166\"\n\t\t\t\t data-color-option=\"default\" data-design=\"material\" data-grid=\"open\" style=\"display: none;\"\n\t\t\t\tdata-uid=\"69d6189f1bf12\" action=\"\"\n\t\t\t><div role=\"alert\" aria-live=\"polite\" class=\"forminator-response-message forminator-error\" aria-hidden=\"true\"><\/div><div class=\"forminator-row\"><div id=\"name-1\" class=\"forminator-field-name forminator-col forminator-col-6\"><div class=\"forminator-field\"><label for=\"forminator-field-name-1_69d6189f1bf12\" id=\"forminator-field-name-1_69d6189f1bf12-label\" class=\"forminator-label\">\u0420\u0435\u043a\u043b\u0430\u043c\u0430 <span class=\"forminator-required\">*<\/span><\/label><input type=\"text\" name=\"name-1\" value=\"\" placeholder=\"\" id=\"forminator-field-name-1_69d6189f1bf12\" class=\"forminator-input forminator-name--field\" aria-required=\"true\" autocomplete=\"name\" \/><\/div><\/div><div id=\"name-2\" class=\"forminator-field-name forminator-col forminator-col-6\"><div class=\"forminator-field\"><label for=\"forminator-field-name-2_69d6189f1bf12\" id=\"forminator-field-name-2_69d6189f1bf12-label\" class=\"forminator-label\">\u0421\u043e\u044f\u0434 <span class=\"forminator-required\">*<\/span><\/label><input type=\"text\" name=\"name-2\" value=\"\" placeholder=\"\" id=\"forminator-field-name-2_69d6189f1bf12\" class=\"forminator-input forminator-name--field\" aria-required=\"true\" autocomplete=\"name\" \/><\/div><\/div><\/div><div class=\"forminator-row\"><div id=\"email-1\" class=\"forminator-field-email forminator-col forminator-col-6\"><div class=\"forminator-field\"><label for=\"forminator-field-email-1_69d6189f1bf12\" id=\"forminator-field-email-1_69d6189f1bf12-label\" class=\"forminator-label\">E-posta \u0430\u0434\u0440\u0435\u0441\u0438 <span class=\"forminator-required\">*<\/span><\/label><input type=\"email\" name=\"email-1\" value=\"\" placeholder=\"\" id=\"forminator-field-email-1_69d6189f1bf12\" class=\"forminator-input forminator-email--field\" data-required=\"1\" aria-required=\"true\" autocomplete=\"email\" \/><\/div><\/div><div id=\"phone-1\" class=\"forminator-field-phone forminator-col forminator-col-6\"><div class=\"forminator-field\"><label for=\"forminator-field-phone-1_69d6189f1bf12\" id=\"forminator-field-phone-1_69d6189f1bf12-label\" class=\"forminator-label\">\u0422\u0435\u043b\u0435\u0444\u043e\u043d <span class=\"forminator-required\">*<\/span><\/label><input type=\"text\" name=\"phone-1\" value=\"\" placeholder=\"+1 3004005000\" id=\"forminator-field-phone-1_69d6189f1bf12\" class=\"forminator-input forminator-field--phone\" data-required=\"1\" aria-required=\"true\" autocomplete=\"off\" data-national_mode=\"disabled\" data-country=\"tr\" data-validation=\"international\" \/><\/div><\/div><\/div><div class=\"forminator-row\"><div id=\"text-2\" class=\"forminator-field-text forminator-col forminator-col-6\"><div class=\"forminator-field\"><label for=\"forminator-field-text-2_69d6189f1bf12\" id=\"forminator-field-text-2_69d6189f1bf12-label\" class=\"forminator-label\">\u0413\u0440\u0430\u0434 <span class=\"forminator-required\">*<\/span><\/label><input type=\"text\" name=\"text-2\" value=\"\" placeholder=\"\" id=\"forminator-field-text-2_69d6189f1bf12\" class=\"forminator-input forminator-name--field\" data-required=\"1\" \/><\/div><\/div><div id=\"text-4\" class=\"forminator-field-text forminator-col forminator-col-6\"><div class=\"forminator-field\"><label for=\"forminator-field-text-4_69d6189f1bf12\" id=\"forminator-field-text-4_69d6189f1bf12-label\" class=\"forminator-label\">\u0130l\u00e7e <span class=\"forminator-required\">*<\/span><\/label><input type=\"text\" name=\"text-4\" value=\"\" placeholder=\"\" id=\"forminator-field-text-4_69d6189f1bf12\" class=\"forminator-input forminator-name--field\" data-required=\"1\" \/><\/div><\/div><\/div><div class=\"forminator-row\"><div id=\"text-5\" class=\"forminator-field-text forminator-col forminator-col-4\"><div class=\"forminator-field\"><label for=\"forminator-field-text-5_69d6189f1bf12\" id=\"forminator-field-text-5_69d6189f1bf12-label\" class=\"forminator-label\">\u041f\u044a\u0440\u0432\u0438 \u043f\u0440\u0438\u043e\u0440\u0438\u0442\u0435\u0442\u0435\u043d \u0433\u0440\u0430\u0434 \u0437\u0430 \u0444\u0440\u0430\u043d\u0447\u0430\u0439\u0437 <span class=\"forminator-required\">*<\/span><\/label><input type=\"text\" name=\"text-5\" value=\"\" placeholder=\"\" id=\"forminator-field-text-5_69d6189f1bf12\" class=\"forminator-input forminator-name--field\" data-required=\"1\" \/><\/div><\/div><div id=\"text-6\" class=\"forminator-field-text forminator-col forminator-col-4\"><div class=\"forminator-field\"><label for=\"forminator-field-text-6_69d6189f1bf12\" id=\"forminator-field-text-6_69d6189f1bf12-label\" class=\"forminator-label\">2-\u0440\u0438 \u043f\u0440\u0438\u043e\u0440\u0438\u0442\u0435\u0442\u0435\u043d \u0433\u0440\u0430\u0434 \u0437\u0430 \u0434\u0438\u043b\u044a\u0440\u0430<\/label><input type=\"text\" name=\"text-6\" value=\"\" placeholder=\"\" id=\"forminator-field-text-6_69d6189f1bf12\" class=\"forminator-input forminator-name--field\" data-required=\"\" \/><\/div><\/div><div id=\"text-7\" class=\"forminator-field-text forminator-col forminator-col-4\"><div class=\"forminator-field\"><label for=\"forminator-field-text-7_69d6189f1bf12\" id=\"forminator-field-text-7_69d6189f1bf12-label\" class=\"forminator-label\">3-\u0442\u0438 \u043f\u0440\u0438\u043e\u0440\u0438\u0442\u0435\u0442\u0435\u043d \u0433\u0440\u0430\u0434 \u0437\u0430 \u0434\u0438\u043b\u044a\u0440\u0430<\/label><input type=\"text\" name=\"text-7\" value=\"\" placeholder=\"\" id=\"forminator-field-text-7_69d6189f1bf12\" class=\"forminator-input forminator-name--field\" data-required=\"\" \/><\/div><\/div><\/div><div class=\"forminator-row\"><div id=\"textarea-1\" class=\"forminator-field-textarea forminator-col forminator-col-12\"><div class=\"forminator-field\"><label for=\"forminator-field-textarea-1_69d6189f1bf12\" id=\"forminator-field-textarea-1_69d6189f1bf12-label\" class=\"forminator-label\">\u0412\u0430\u0448\u0435\u0442\u043e \u0441\u044a\u043e\u0431\u0449\u0435\u043d\u0438\u0435 <span class=\"forminator-required\">*<\/span><\/label><textarea name=\"textarea-1\" placeholder=\"\" id=\"forminator-field-textarea-1_69d6189f1bf12\" class=\"forminator-textarea\" rows=\"6\" style=\"min-height:140px;\" ><\/textarea><\/div><\/div><\/div><div class=\"forminator-row\"><div id=\"captcha-1\" class=\"forminator-field-captcha forminator-col forminator-col-12\"><div class=\"forminator-captcha-left forminator-g-recaptcha\" data-theme=\"light\"  data-sitekey=\"6LcoVr8qAAAAAATrXVNNqdOmACVRRkdfBvIqTQTV\" data-size=\"normal\"><\/div> <\/div><\/div><input type=\"hidden\" name=\"referer_url\" value=\"\" \/><div class=\"forminator-row forminator-row-last\"><div class=\"forminator-col\"><div class=\"forminator-field\"><button class=\"forminator-button forminator-button-submit\"><span>G&ouml;nder<\/span><span aria-hidden=\"true\"><\/span><\/button><\/div><\/div><\/div><input type=\"hidden\" id=\"forminator_nonce\" name=\"forminator_nonce\" value=\"bb46e135f3\" \/><input type=\"hidden\" name=\"_wp_http_referer\" value=\"\/bg\/wp-json\/wp\/v2\/pages\/1374\" \/><input type=\"hidden\" name=\"form_id\" value=\"2166\"><input type=\"hidden\" name=\"page_id\" value=\"1374\"><input type=\"hidden\" name=\"form_type\" value=\"default\"><input type=\"hidden\" name=\"current_url\" value=\"https:\/\/probodysystems.com\/bg\/\u043a\u0430\u043d\u0434\u0438\u0434\u0430\u0442\u0441\u0442\u0432\u0430\u043d\u0435-\u0437\u0430-\u0434\u0438\u043b\u044a\u0440\/\"><input type=\"hidden\" name=\"render_id\" value=\"0\"><input type=\"hidden\" name=\"action\" value=\"forminator_submit_form_custom-forms\"><input type=\"hidden\" name=\"trp-form-language\" value=\"bg\"\/><\/form><\/p>\t\t\t\t\t\t\t\t<\/div>\n\t\t\t\t<\/div>\n\t\t\t\t\t<\/div>\n\t\t<\/div>\n\t\t\t\t\t<\/div>\n\t\t<\/section>\n\t\t\t\t\t<\/div>\n\t\t<\/div>\n\t\t\t\t\t<\/div>\n\t\t<\/section>\n\t\t\t\t<\/div>","protected":false},"excerpt":{"rendered":"<p>Bayimiz Olmak \u0130ster Misiniz? Bulundu\u011funuz b\u00f6lgede kendi \u00e7evreniz ve mevcut i\u015f potansiyelinize yeni \u00fcr\u00fcnler mi katmak istiyorsunuz? ProBody Systems ailesine kat\u0131l\u0131n ve [&hellip;]<\/p>","protected":false},"author":4,"featured_media":0,"parent":0,"menu_order":0,"comment_status":"closed","ping_status":"closed","template":"elementor_header_footer","meta":{"footnotes":""},"class_list":["post-1374","page","type-page","status-publish","hentry"],"yoast_head":"<!-- This site is optimized with the Yoast SEO plugin v27.2 - https:\/\/yoast.com\/product\/yoast-seo-wordpress\/ -->\n<title>EMS Yerel Bayii | EMS Cihaz\u0131 Ba\u015fvuru | Probody Systems<\/title>\n<meta name=\"description\" content=\"Probody Systems EMS Cihaz\u0131 yerel bayisi olmak i\u00e7in hemen bize ba\u015fvurarak i\u015finizi b\u00fcy\u00fct\u00fcn!\" \/>\n<meta name=\"robots\" content=\"index, follow, max-snippet:-1, max-image-preview:large, max-video-preview:-1\" \/>\n<link rel=\"canonical\" href=\"https:\/\/probodysystems.com\/bg\/\u043a\u0430\u043d\u0434\u0438\u0434\u0430\u0442\u0441\u0442\u0432\u0430\u043d\u0435-\u0437\u0430-\u0434\u0438\u043b\u044a\u0440\/\" \/>\n<meta property=\"og:locale\" content=\"bg_BG\" \/>\n<meta property=\"og:type\" content=\"article\" \/>\n<meta property=\"og:title\" content=\"EMS Yerel Bayii | EMS Cihaz\u0131 Ba\u015fvuru | Probody Systems\" \/>\n<meta property=\"og:description\" content=\"Probody Systems EMS Cihaz\u0131 yerel bayisi olmak i\u00e7in hemen bize ba\u015fvurarak i\u015finizi b\u00fcy\u00fct\u00fcn!\" \/>\n<meta property=\"og:url\" content=\"https:\/\/probodysystems.com\/bg\/\u043a\u0430\u043d\u0434\u0438\u0434\u0430\u0442\u0441\u0442\u0432\u0430\u043d\u0435-\u0437\u0430-\u0434\u0438\u043b\u044a\u0440\/\" \/>\n<meta property=\"og:site_name\" content=\"Probody Systems\" \/>\n<meta property=\"article:modified_time\" content=\"2022-03-29T14:17:39+00:00\" \/>\n<meta name=\"twitter:card\" content=\"summary_large_image\" \/>\n<meta name=\"twitter:label1\" content=\"Est. reading time\" \/>\n\t<meta name=\"twitter:data1\" content=\"9 \u043c\u0438\u043d\u0443\u0442\u0438\" \/>\n<!-- \/ Yoast SEO plugin. -->","yoast_head_json":{"title":"\u041c\u0435\u0441\u0442\u0435\u043d \u0434\u0438\u043b\u044a\u0440 \u043d\u0430 EMS | \u041f\u0440\u0438\u043b\u043e\u0436\u0435\u043d\u0438\u0435 \u043d\u0430 EMS \u0443\u0441\u0442\u0440\u043e\u0439\u0441\u0442\u0432\u043e | Probody Systems","description":"\u0420\u0430\u0437\u0432\u0438\u0439\u0442\u0435 \u0431\u0438\u0437\u043d\u0435\u0441\u0430 \u0441\u0438, \u043a\u0430\u0442\u043e \u0441\u0435 \u0441\u0432\u044a\u0440\u0436\u0435\u0442\u0435 \u0441 \u043d\u0430\u0441 \u0434\u043d\u0435\u0441, \u0437\u0430 \u0434\u0430 \u0441\u0442\u0430\u043d\u0435\u0442\u0435 \u043c\u0435\u0441\u0442\u0435\u043d \u0434\u0438\u043b\u044a\u0440 \u043d\u0430 Probody Systems EMS Device!","robots":{"index":"index","follow":"follow","max-snippet":"max-snippet:-1","max-image-preview":"max-image-preview:large","max-video-preview":"max-video-preview:-1"},"canonical":"https:\/\/probodysystems.com\/bg\/\u043a\u0430\u043d\u0434\u0438\u0434\u0430\u0442\u0441\u0442\u0432\u0430\u043d\u0435-\u0437\u0430-\u0434\u0438\u043b\u044a\u0440\/","og_locale":"bg_BG","og_type":"article","og_title":"EMS Yerel Bayii | EMS Cihaz\u0131 Ba\u015fvuru | Probody Systems","og_description":"Probody Systems EMS Cihaz\u0131 yerel bayisi olmak i\u00e7in hemen bize ba\u015fvurarak i\u015finizi b\u00fcy\u00fct\u00fcn!","og_url":"https:\/\/probodysystems.com\/bg\/\u043a\u0430\u043d\u0434\u0438\u0434\u0430\u0442\u0441\u0442\u0432\u0430\u043d\u0435-\u0437\u0430-\u0434\u0438\u043b\u044a\u0440\/","og_site_name":"Probody Systems","article_modified_time":"2022-03-29T14:17:39+00:00","twitter_card":"summary_large_image","twitter_misc":{"Est. reading time":"9 \u043c\u0438\u043d\u0443\u0442\u0438"},"schema":{"@context":"https:\/\/schema.org","@graph":[{"@type":"WebPage","@id":"https:\/\/probodysystems.com\/bayi-basvurusu\/","url":"https:\/\/probodysystems.com\/bayi-basvurusu\/","name":"\u041c\u0435\u0441\u0442\u0435\u043d \u0434\u0438\u043b\u044a\u0440 \u043d\u0430 EMS | \u041f\u0440\u0438\u043b\u043e\u0436\u0435\u043d\u0438\u0435 \u043d\u0430 EMS \u0443\u0441\u0442\u0440\u043e\u0439\u0441\u0442\u0432\u043e | Probody Systems","isPartOf":{"@id":"https:\/\/probodysystems.com\/#website"},"datePublished":"2022-02-04T06:28:35+00:00","dateModified":"2022-03-29T14:17:39+00:00","description":"\u0420\u0430\u0437\u0432\u0438\u0439\u0442\u0435 \u0431\u0438\u0437\u043d\u0435\u0441\u0430 \u0441\u0438, \u043a\u0430\u0442\u043e \u0441\u0435 \u0441\u0432\u044a\u0440\u0436\u0435\u0442\u0435 \u0441 \u043d\u0430\u0441 \u0434\u043d\u0435\u0441, \u0437\u0430 \u0434\u0430 \u0441\u0442\u0430\u043d\u0435\u0442\u0435 \u043c\u0435\u0441\u0442\u0435\u043d \u0434\u0438\u043b\u044a\u0440 \u043d\u0430 Probody Systems EMS Device!","breadcrumb":{"@id":"https:\/\/probodysystems.com\/bayi-basvurusu\/#breadcrumb"},"inLanguage":"bg-BG","potentialAction":[{"@type":"ReadAction","target":["https:\/\/probodysystems.com\/bayi-basvurusu\/"]}]},{"@type":"BreadcrumbList","@id":"https:\/\/probodysystems.com\/bayi-basvurusu\/#breadcrumb","itemListElement":[{"@type":"ListItem","position":1,"name":"Home","item":"https:\/\/probodysystems.com\/"},{"@type":"ListItem","position":2,"name":"Bayi-Basvurusu"}]},{"@type":"WebSite","@id":"https:\/\/probodysystems.com\/#website","url":"https:\/\/probodysystems.com\/","name":"Probody Systems","description":"Az zamanda \u00e7ok fitness","potentialAction":[{"@type":"SearchAction","target":{"@type":"EntryPoint","urlTemplate":"https:\/\/probodysystems.com\/?s={search_term_string}"},"query-input":{"@type":"PropertyValueSpecification","valueRequired":true,"valueName":"search_term_string"}}],"inLanguage":"bg-BG"}]}},"_links":{"self":[{"href":"https:\/\/probodysystems.com\/bg\/wp-json\/wp\/v2\/pages\/1374","targetHints":{"allow":["GET"]}}],"collection":[{"href":"https:\/\/probodysystems.com\/bg\/wp-json\/wp\/v2\/pages"}],"about":[{"href":"https:\/\/probodysystems.com\/bg\/wp-json\/wp\/v2\/types\/page"}],"author":[{"embeddable":true,"href":"https:\/\/probodysystems.com\/bg\/wp-json\/wp\/v2\/users\/4"}],"replies":[{"embeddable":true,"href":"https:\/\/probodysystems.com\/bg\/wp-json\/wp\/v2\/comments?post=1374"}],"version-history":[{"count":62,"href":"https:\/\/probodysystems.com\/bg\/wp-json\/wp\/v2\/pages\/1374\/revisions"}],"predecessor-version":[{"id":2261,"href":"https:\/\/probodysystems.com\/bg\/wp-json\/wp\/v2\/pages\/1374\/revisions\/2261"}],"wp:attachment":[{"href":"https:\/\/probodysystems.com\/bg\/wp-json\/wp\/v2\/media?parent=1374"}],"curies":[{"name":"wp","href":"https:\/\/api.w.org\/{rel}","templated":true}]}}